{"id":19642,"date":"2025-08-12T14:12:08","date_gmt":"2025-08-12T12:12:08","guid":{"rendered":"https:\/\/www.rasmussenimmobilien.de\/impresseum\/"},"modified":"2025-10-22T13:12:56","modified_gmt":"2025-10-22T11:12:56","slug":"impresseum","status":"publish","type":"page","link":"https:\/\/www.rasmussenimmobilien.de\/da\/impresseum\/","title":{"rendered":"Impresseum"},"content":{"rendered":"\t\t<div data-elementor-type=\"wp-page\" data-elementor-id=\"19642\" class=\"elementor elementor-19642 elementor-450\" data-elementor-post-type=\"page\">\n\t\t\t\t<div class=\"elementor-element elementor-element-e1de8be section-m elementor-hidden-mobile elementor-hidden-tablet e-flex e-con-boxed e-con e-parent\" data-id=\"e1de8be\" data-element_type=\"container\" data-settings=\"{&quot;background_background&quot;:&quot;classic&quot;}\">\n\t\t\t\t\t<div class=\"e-con-inner\">\n\t\t<div class=\"elementor-element elementor-element-c5c5317 e-grid animated-fast e-con-boxed elementor-invisible e-con e-child\" data-id=\"c5c5317\" data-element_type=\"container\" data-settings=\"{&quot;animation&quot;:&quot;fadeIn&quot;,&quot;animation_delay&quot;:500}\">\n\t\t\t\t\t<div class=\"e-con-inner\">\n\t\t<div class=\"elementor-element elementor-element-05815c4 e-con-full animated-fast e-flex elementor-invisible e-con e-child\" data-id=\"05815c4\" data-element_type=\"container\" data-settings=\"{&quot;background_background&quot;:&quot;classic&quot;,&quot;animation&quot;:&quot;fadeIn&quot;}\">\n\t\t\t\t<div class=\"elementor-element elementor-element-915b5aa elementor-invisible elementor-widget elementor-widget-heading\" data-id=\"915b5aa\" data-element_type=\"widget\" data-settings=\"{&quot;_animation&quot;:&quot;fadeInDown&quot;}\" data-widget_type=\"heading.default\">\n\t\t\t\t<div class=\"elementor-widget-container\">\n\t\t\t\t\t<p class=\"elementor-heading-title elementor-size-default\">Juridiske oplysninger<\/p>\t\t\t\t<\/div>\n\t\t\t\t<\/div>\n\t\t\t\t<div class=\"elementor-element elementor-element-c8beaeb elementor-invisible elementor-widget elementor-widget-heading\" data-id=\"c8beaeb\" data-element_type=\"widget\" data-settings=\"{&quot;_animation&quot;:&quot;fadeInDown&quot;}\" data-widget_type=\"heading.default\">\n\t\t\t\t<div class=\"elementor-widget-container\">\n\t\t\t\t\t<h1 class=\"elementor-heading-title elementor-size-default\">Impresseum<\/h1>\t\t\t\t<\/div>\n\t\t\t\t<\/div>\n\t\t\t\t<div class=\"elementor-element elementor-element-4cf84e2 elementor-widget elementor-widget-text-editor\" data-id=\"4cf84e2\" data-element_type=\"widget\" data-widget_type=\"text-editor.default\">\n\t\t\t\t<div class=\"elementor-widget-container\">\n\t\t\t\t\t\t\t\t\tSom din p\u00e5lidelige ejendomsm\u00e6gler i Berlin l\u00e6gger vi v\u00e6gt p\u00e5 gennemsigtighed og klar kommunikation. Her finder du alle lovpligtige oplysninger om vores virksomhed. Hvis du har sp\u00f8rgsm\u00e5l til vores service eller vores juridiske oplysninger, er du naturligvis velkommen til at kontakte os personligt.  \t\t\t\t\t\t\t\t<\/div>\n\t\t\t\t<\/div>\n\t\t\t\t<\/div>\n\t\t\t\t<div class=\"elementor-element elementor-element-1440772 elementor-icon-list--layout-inline elementor-list-item-link-inline elementor-align-right elementor-mobile-align-left elementor-tablet-align-left animated-fast elementor-hidden-tablet elementor-hidden-mobile elementor-invisible elementor-widget elementor-widget-icon-list\" data-id=\"1440772\" data-element_type=\"widget\" data-settings=\"{&quot;_animation&quot;:&quot;fadeIn&quot;,&quot;_animation_delay&quot;:600}\" data-widget_type=\"icon-list.default\">\n\t\t\t\t<div class=\"elementor-widget-container\">\n\t\t\t\t\t\t\t<ul class=\"elementor-icon-list-items elementor-inline-items\">\n\t\t\t\t\t\t\t<li class=\"elementor-icon-list-item elementor-inline-item\">\n\t\t\t\t\t\t\t\t\t\t\t<a href=\"\/\">\n\n\t\t\t\t\t\t\t\t\t\t\t<span class=\"elementor-icon-list-text\">Hjem<\/span>\n\t\t\t\t\t\t\t\t\t\t\t<\/a>\n\t\t\t\t\t\t\t\t\t<\/li>\n\t\t\t\t\t\t\t\t<li class=\"elementor-icon-list-item elementor-inline-item\">\n\t\t\t\t\t\t\t\t\t\t\t<a href=\"https:\/\/www.rasmussenimmobilien.de\/da\/impresseum\/\">\n\n\t\t\t\t\t\t\t\t\t\t\t\t<span class=\"elementor-icon-list-icon\">\n\t\t\t\t\t\t\t<svg aria-hidden=\"true\" class=\"e-font-icon-svg e-fas-angle-right\" viewBox=\"0 0 256 512\" xmlns=\"http:\/\/www.w3.org\/2000\/svg\"><path d=\"M224.3 273l-136 136c-9.4 9.4-24.6 9.4-33.9 0l-22.6-22.6c-9.4-9.4-9.4-24.6 0-33.9l96.4-96.4-96.4-96.4c-9.4-9.4-9.4-24.6 0-33.9L54.3 103c9.4-9.4 24.6-9.4 33.9 0l136 136c9.5 9.4 9.5 24.6.1 34z\"><\/path><\/svg>\t\t\t\t\t\t<\/span>\n\t\t\t\t\t\t\t\t\t\t<span class=\"elementor-icon-list-text\"><\/span>\n\t\t\t\t\t\t\t\t\t\t\t<\/a>\n\t\t\t\t\t\t\t\t\t<\/li>\n\t\t\t\t\t\t<\/ul>\n\t\t\t\t\t\t<\/div>\n\t\t\t\t<\/div>\n\t\t\t\t\t<\/div>\n\t\t\t\t<\/div>\n\t\t\t\t\t<\/div>\n\t\t\t\t<\/div>\n\t\t<div class=\"elementor-element elementor-element-b5e3f75 section-m e-flex e-con-boxed e-con e-parent\" data-id=\"b5e3f75\" data-element_type=\"container\">\n\t\t\t\t\t<div class=\"e-con-inner\">\n\t\t<div class=\"elementor-element elementor-element-c00d4f9 e-con-full e-flex e-con e-child\" data-id=\"c00d4f9\" data-element_type=\"container\" data-settings=\"{&quot;background_background&quot;:&quot;classic&quot;}\">\n\t\t<div class=\"elementor-element elementor-element-1fb41b2 e-con-full e-flex e-con e-child\" data-id=\"1fb41b2\" data-element_type=\"container\">\n\t\t\t\t<div class=\"elementor-element elementor-element-5807830 elementor-invisible elementor-widget elementor-widget-text-editor\" data-id=\"5807830\" data-element_type=\"widget\" data-settings=\"{&quot;_animation&quot;:&quot;fadeInLeft&quot;}\" data-widget_type=\"text-editor.default\">\n\t\t\t\t<div class=\"elementor-widget-container\">\n\t\t\t\t\t\t\t\t\tIndholdsm\u00e6ssigt ansvarlig i henhold til \u00a7 55 stk. 2 RStV:   Anette Rasmussen\t\t\t\t\t\t\t\t<\/div>\n\t\t\t\t<\/div>\n\t\t\t\t<div class=\"elementor-element elementor-element-9bb243b animated-slow elementor-invisible elementor-widget elementor-widget-heading\" data-id=\"9bb243b\" data-element_type=\"widget\" data-settings=\"{&quot;_animation&quot;:&quot;fadeInUp&quot;}\" data-widget_type=\"heading.default\">\n\t\t\t\t<div class=\"elementor-widget-container\">\n\t\t\t\t\t<h2 class=\"elementor-heading-title elementor-size-default\">Impresseum<\/h2>\t\t\t\t<\/div>\n\t\t\t\t<\/div>\n\t\t\t\t<div class=\"elementor-element elementor-element-2f8c3bd elementor-widget elementor-widget-text-editor\" data-id=\"2f8c3bd\" data-element_type=\"widget\" data-widget_type=\"text-editor.default\">\n\t\t\t\t<div class=\"elementor-widget-container\">\n\t\t\t\t\t\t\t\t\t<p><strong>Rasmussen Immobilien<\/strong><br>Johann-Sigismund-Str. 3<br>10711 Berlin<br>Tlf.: +49 30 889 22 56 0<br>E-mail:  office@rasmussenimmobilien.de<\/p><p><strong>Indehaver<\/strong><br>Anette Rasmussen<\/p><p><strong>Momsregistreringsnummer<\/strong>: DE114013264<\/p><p><strong>Tilsynsmyndighed<\/strong>:<br>Landrat des Kreises Offenbach<br>Gewerbeaufsicht<br>Werner-Hilpert-Str. 1<br>63128 Dietzenbach<\/p><p>https:\/\/www.kreis-offenbach.de\/<\/p><p>V\u00e6rneting: Amtsgericht Offenbach\/M.<br>Kompetent kammer: Industrie- und Handelskammer Offenbach<br>Tilladelse i henhold til \u00a734c Gewerbeordnung udstedt af Kreis Offenbach <\/p><p><strong>Oplysninger om erhvervsansvarsforsikring<\/strong><br>Navn og hjemsted for forsikringsselskabet:<br>ERGO Versicherung AG<br>Victoriaplatz 1<br>40477 D\u00fcsseldorf<\/p><p>Forsikringens gyldighedsomr\u00e5de:<br>Tyskland<\/p><p><strong>Tvister<\/strong>:<br>Europa-Kommissionen stiller en platform til online tvistbil\u00e6ggelse (ODR) til r\u00e5dighed: <a href=\"https:\/\/ec.europa.eu\/consumers\/odr\" target=\"_new\" rel=\"noreferrer noopener\">https:\/\/ec.europa.eu\/consumers\/odr<\/a>. Vi er ikke forpligtet til og ikke villige til at deltage i en tvistbil\u00e6ggelsesprocedure for et forbrugersligelsesorgan. <\/p>\t\t\t\t\t\t\t\t<\/div>\n\t\t\t\t<\/div>\n\t\t\t\t<\/div>\n\t\t\t\t<\/div>\n\t\t<div class=\"elementor-element elementor-element-b01f69e e-con-full e-flex e-con e-child\" data-id=\"b01f69e\" data-element_type=\"container\" data-settings=\"{&quot;background_background&quot;:&quot;classic&quot;}\">\n\t\t<div class=\"elementor-element elementor-element-efa70dc e-con-full e-flex e-con e-child\" data-id=\"efa70dc\" data-element_type=\"container\">\n\t\t\t\t<div class=\"elementor-element elementor-element-8c402da elementor-widget elementor-widget-heading\" data-id=\"8c402da\" data-element_type=\"widget\" data-widget_type=\"heading.default\">\n\t\t\t\t<div class=\"elementor-widget-container\">\n\t\t\t\t\t<h3 class=\"elementor-heading-title elementor-size-default\">Ansvarsfraskrivelse \/ Copyright<\/h3>\t\t\t\t<\/div>\n\t\t\t\t<\/div>\n\t\t\t\t<div class=\"elementor-element elementor-element-c64ee94 elementor-widget elementor-widget-text-editor\" data-id=\"c64ee94\" data-element_type=\"widget\" data-widget_type=\"text-editor.default\">\n\t\t\t\t<div class=\"elementor-widget-container\">\n\t\t\t\t\t\t\t\t\t<p><strong>Henvisninger og links<\/strong><\/p><p>Ved direkte eller indirekte henvisninger til fremmede websteder (\u201chyperlinks\u201d), der ligger uden for forfatterens ansvarsomr\u00e5de, ville en erstatningspligt kun tr\u00e6de i kraft i det tilf\u00e6lde, hvor forfatteren har kendskab til indholdet, og det teknisk set ville v\u00e6re muligt og rimeligt for ham at forhindre brugen i tilf\u00e6lde af ulovligt indhold.<br>Forfatteren erkl\u00e6rer hermed udtrykkeligt, at der p\u00e5 tidspunktet for linkets oprettelse ikke var noget ulovligt indhold p\u00e5 de sider, der skulle linkes til. Forfatteren har ingen indflydelse p\u00e5 den aktuelle og fremtidige udformning, indhold eller ophavsret til de linkede\/tilknyttede sider. Derfor distancerer han sig hermed udtrykkeligt fra alt indhold p\u00e5 alle linkede\/tilknyttede sider, der er blevet \u00e6ndret efter linkets oprettelse. Denne konstatering g\u00e6lder for alle links og henvisninger, der er placeret inden for forfatterens eget internettilbud, samt for fremmede indl\u00e6g i g\u00e6steb\u00f8ger, diskussionsfora, linkregistre, mailinglister og i alle andre former for databaser, hvor ekstern skrivning er mulig. For ulovligt, mangelfuldt eller ufuldst\u00e6ndigt indhold og is\u00e6r for skader, der opst\u00e5r som f\u00f8lge af brugen eller manglende brug af s\u00e5danne oplysninger, er det udelukkende udbyderen af den side, der henvises til, der h\u00e6fter, og ikke den, der via links blot henviser til den p\u00e5g\u00e6ldende offentligg\u00f8relse.    <\/p><p> <\/p><p><strong>Ophavsret og varem\u00e6rkeret<\/strong><\/p><p>Forfatteren bestr\u00e6ber sig p\u00e5 i alle publikationer at overholde ophavsrettighederne til de anvendte billeder, grafikker, lyddokumenter, videosekvenser og tekster, at bruge billeder, grafikker, lyddokumenter, videosekvenser og tekster, der er oprettet af ham selv, eller at g\u00f8re brug af licensfrie grafikker, lyddokumenter, videosekvenser og tekster.<br>Alle inden for internettilbuddet n\u00e6vnte og evt. af tredjemand beskyttede m\u00e6rker og varem\u00e6rker er underlagt bestemmelserne i den til enhver tid g\u00e6ldende varem\u00e6rkeret og de respektive registrerede ejeres ejendomsret. Alene p\u00e5 baggrund af den blotte n\u00e6vnelse kan det ikke konkluderes, at varem\u00e6rker ikke er beskyttet af tredjemands rettigheder! <br>Ophavsretten til offentliggjorte objekter, der er oprettet af forfatteren selv, forbliver udelukkende hos forfatteren af siderne. En mangfoldigg\u00f8relse eller anvendelse af s\u00e5danne grafikker, lyddokumenter, videosekvenser og tekster i andre elektroniske eller trykte publikationer er ikke tilladt uden forfatterens udtrykkelige samtykke. <\/p><p> <\/p><p><strong>Retsgyldighed af denne ansvarsfraskrivelse<\/strong><\/p><p>Denne ansvarsfraskrivelse skal betragtes som en del af internettilbuddet, hvorfra der henvises til denne side. Hvis dele eller enkelte formuleringer af denne tekst ikke, ikke l\u00e6ngere eller ikke fuldst\u00e6ndigt skulle svare til den g\u00e6ldende retstilstand, forbliver de \u00f8vrige dele af dokumentet up\u00e5virket af dette i deres indhold og gyldighed. <\/p>\t\t\t\t\t\t\t\t<\/div>\n\t\t\t\t<\/div>\n\t\t\t\t<\/div>\n\t\t\t\t<\/div>\n\t\t\t\t\t<\/div>\n\t\t\t\t<\/div>\n\t\t\t\t<\/div>\n\t\t","protected":false},"excerpt":{"rendered":"<p>Juridiske oplysninger Impresseum Som din p\u00e5lidelige ejendomsm\u00e6gler i l\u00e6gger vi v\u00e6gt p\u00e5 gennemsigtighed og klar kommunikation. Her finder du alle lovpligtige oplysninger om vores virksomhed. Hvis du har sp\u00f8rgsm\u00e5l til vores service eller vores juridiske oplysninger, er du naturligvis velkommen til at kontakte os personligt. Hjem Indholdsm\u00e6ssigt ansvarlig i henhold til \u00a7 55 stk. 2 RStV: Impresseum Tlf.: E-mail: Indehaver Momsregistreringsnummer: DE114013264 Tilsynsmyndighed: Landrat &#8230;<\/p>\n","protected":false},"author":1,"featured_media":0,"parent":0,"menu_order":0,"comment_status":"closed","ping_status":"closed","template":"elementor_header_footer","meta":{"footnotes":""},"class_list":["post-19642","page","type-page","status-publish","hentry"],"_links":{"self":[{"href":"https:\/\/www.rasmussenimmobilien.de\/da\/wp-json\/wp\/v2\/pages\/19642","targetHints":{"allow":["GET"]}}],"collection":[{"href":"https:\/\/www.rasmussenimmobilien.de\/da\/wp-json\/wp\/v2\/pages"}],"about":[{"href":"https:\/\/www.rasmussenimmobilien.de\/da\/wp-json\/wp\/v2\/types\/page"}],"author":[{"embeddable":true,"href":"https:\/\/www.rasmussenimmobilien.de\/da\/wp-json\/wp\/v2\/users\/1"}],"replies":[{"embeddable":true,"href":"https:\/\/www.rasmussenimmobilien.de\/da\/wp-json\/wp\/v2\/comments?post=19642"}],"version-history":[{"count":2,"href":"https:\/\/www.rasmussenimmobilien.de\/da\/wp-json\/wp\/v2\/pages\/19642\/revisions"}],"predecessor-version":[{"id":20192,"href":"https:\/\/www.rasmussenimmobilien.de\/da\/wp-json\/wp\/v2\/pages\/19642\/revisions\/20192"}],"wp:attachment":[{"href":"https:\/\/www.rasmussenimmobilien.de\/da\/wp-json\/wp\/v2\/media?parent=19642"}],"curies":[{"name":"wp","href":"https:\/\/api.w.org\/{rel}","templated":true}]}}