{"id":20891,"date":"2025-10-27T14:36:01","date_gmt":"2025-10-27T13:36:01","guid":{"rendered":"https:\/\/www.rasmussenimmobilien.de\/kommerciel-ejendom\/"},"modified":"2025-10-27T15:05:28","modified_gmt":"2025-10-27T14:05:28","slug":"kommerciel-ejendom","status":"publish","type":"page","link":"https:\/\/www.rasmussenimmobilien.de\/da\/kommerciel-ejendom\/","title":{"rendered":"Kommerciel ejendom"},"content":{"rendered":"\t\t<div data-elementor-type=\"wp-page\" data-elementor-id=\"20891\" class=\"elementor elementor-20891 elementor-20823\" data-elementor-post-type=\"page\">\n\t\t\t\t<div class=\"elementor-element elementor-element-216765a8 section-m elementor-hidden-mobile elementor-hidden-tablet e-flex e-con-boxed e-con e-parent\" data-id=\"216765a8\" data-element_type=\"container\" data-settings=\"{&quot;background_background&quot;:&quot;classic&quot;}\">\n\t\t\t\t\t<div class=\"e-con-inner\">\n\t\t<div class=\"elementor-element elementor-element-3952f095 e-grid animated-fast e-con-boxed elementor-invisible e-con e-child\" data-id=\"3952f095\" data-element_type=\"container\" data-settings=\"{&quot;animation&quot;:&quot;fadeIn&quot;,&quot;animation_delay&quot;:500}\">\n\t\t\t\t\t<div class=\"e-con-inner\">\n\t\t<div class=\"elementor-element elementor-element-2049685d e-con-full animated-fast e-flex elementor-invisible e-con e-child\" data-id=\"2049685d\" data-element_type=\"container\" data-settings=\"{&quot;background_background&quot;:&quot;classic&quot;,&quot;animation&quot;:&quot;fadeIn&quot;}\">\n\t\t\t\t<div class=\"elementor-element elementor-element-71f63dc2 elementor-invisible elementor-widget elementor-widget-heading\" data-id=\"71f63dc2\" data-element_type=\"widget\" data-settings=\"{&quot;_animation&quot;:&quot;fadeInDown&quot;}\" data-widget_type=\"heading.default\">\n\t\t\t\t<div class=\"elementor-widget-container\">\n\t\t\t\t\t<h1 class=\"elementor-heading-title elementor-size-default\">Erhvervsejendomme\n i  Berlin<\/h1>\t\t\t\t<\/div>\n\t\t\t\t<\/div>\n\t\t\t\t<div class=\"elementor-element elementor-element-783c99ea elementor-invisible elementor-widget elementor-widget-heading\" data-id=\"783c99ea\" data-element_type=\"widget\" data-settings=\"{&quot;_animation&quot;:&quot;fadeInDown&quot;}\" data-widget_type=\"heading.default\">\n\t\t\t\t<div class=\"elementor-widget-container\">\n\t\t\t\t\t<h2 class=\"elementor-heading-title elementor-size-default\">Kommerciel ejendom<\/h2>\t\t\t\t<\/div>\n\t\t\t\t<\/div>\n\t\t\t\t<div class=\"elementor-element elementor-element-3d82f7fb elementor-widget elementor-widget-text-editor\" data-id=\"3d82f7fb\" data-element_type=\"widget\" data-widget_type=\"text-editor.default\">\n\t\t\t\t<div class=\"elementor-widget-container\">\n\t\t\t\t\t\t\t\t\t<p>Oplev vores aktuelle erhvervsejendomme i Berlin. Her finder du vores erhvervsejendomme, som i \u00f8jeblikket er til salg &#8211; overskueligt pr\u00e6senteret med alle vigtige oplysninger. <\/p>\t\t\t\t\t\t\t\t<\/div>\n\t\t\t\t<\/div>\n\t\t\t\t<\/div>\n\t\t\t\t<div class=\"elementor-element elementor-element-336ccd8e elementor-icon-list--layout-inline elementor-list-item-link-inline elementor-align-right elementor-mobile-align-left elementor-tablet-align-left animated-fast elementor-hidden-tablet elementor-hidden-mobile elementor-invisible elementor-widget elementor-widget-icon-list\" data-id=\"336ccd8e\" data-element_type=\"widget\" data-settings=\"{&quot;_animation&quot;:&quot;fadeIn&quot;,&quot;_animation_delay&quot;:600}\" data-widget_type=\"icon-list.default\">\n\t\t\t\t<div class=\"elementor-widget-container\">\n\t\t\t\t\t\t\t<ul class=\"elementor-icon-list-items elementor-inline-items\">\n\t\t\t\t\t\t\t<li class=\"elementor-icon-list-item elementor-inline-item\">\n\t\t\t\t\t\t\t\t\t\t\t<a href=\"\/\">\n\n\t\t\t\t\t\t\t\t\t\t\t<span class=\"elementor-icon-list-text\">Hjem<\/span>\n\t\t\t\t\t\t\t\t\t\t\t<\/a>\n\t\t\t\t\t\t\t\t\t<\/li>\n\t\t\t\t\t\t\t\t<li class=\"elementor-icon-list-item elementor-inline-item\">\n\t\t\t\t\t\t\t\t\t\t\t<a href=\"https:\/\/www.rasmussenimmobilien.de\/da\/kommerciel-ejendom\/\">\n\n\t\t\t\t\t\t\t\t\t\t\t\t<span class=\"elementor-icon-list-icon\">\n\t\t\t\t\t\t\t<svg aria-hidden=\"true\" class=\"e-font-icon-svg e-fas-angle-right\" viewBox=\"0 0 256 512\" xmlns=\"http:\/\/www.w3.org\/2000\/svg\"><path d=\"M224.3 273l-136 136c-9.4 9.4-24.6 9.4-33.9 0l-22.6-22.6c-9.4-9.4-9.4-24.6 0-33.9l96.4-96.4-96.4-96.4c-9.4-9.4-9.4-24.6 0-33.9L54.3 103c9.4-9.4 24.6-9.4 33.9 0l136 136c9.5 9.4 9.5 24.6.1 34z\"><\/path><\/svg>\t\t\t\t\t\t<\/span>\n\t\t\t\t\t\t\t\t\t\t<span class=\"elementor-icon-list-text\"><\/span>\n\t\t\t\t\t\t\t\t\t\t\t<\/a>\n\t\t\t\t\t\t\t\t\t<\/li>\n\t\t\t\t\t\t<\/ul>\n\t\t\t\t\t\t<\/div>\n\t\t\t\t<\/div>\n\t\t\t\t\t<\/div>\n\t\t\t\t<\/div>\n\t\t\t\t\t<\/div>\n\t\t\t\t<\/div>\n\t\t<div class=\"elementor-element elementor-element-4b969b2d section-m elementor-hidden-desktop e-flex e-con-boxed e-con e-parent\" data-id=\"4b969b2d\" data-element_type=\"container\">\n\t\t\t\t\t<div class=\"e-con-inner\">\n\t\t<div class=\"elementor-element elementor-element-7bb02928 e-flex e-con-boxed e-con e-child\" data-id=\"7bb02928\" data-element_type=\"container\">\n\t\t\t\t\t<div class=\"e-con-inner\">\n\t\t<div class=\"elementor-element elementor-element-72440dd3 e-con-full e-flex e-con e-child\" data-id=\"72440dd3\" data-element_type=\"container\">\n\t\t\t\t<div class=\"elementor-element elementor-element-4b3e17f5 elementor-widget elementor-widget-heading\" data-id=\"4b3e17f5\" data-element_type=\"widget\" data-widget_type=\"heading.default\">\n\t\t\t\t<div class=\"elementor-widget-container\">\n\t\t\t\t\t<p class=\"elementor-heading-title elementor-size-default\">Erhvervsejendomme\n i  Berlin<\/p>\t\t\t\t<\/div>\n\t\t\t\t<\/div>\n\t\t\t\t<div class=\"elementor-element elementor-element-5893d6f0 elementor-widget elementor-widget-heading\" data-id=\"5893d6f0\" data-element_type=\"widget\" data-widget_type=\"heading.default\">\n\t\t\t\t<div class=\"elementor-widget-container\">\n\t\t\t\t\t<h2 class=\"elementor-heading-title elementor-size-default\">Kommerciel ejendom<\/h2>\t\t\t\t<\/div>\n\t\t\t\t<\/div>\n\t\t\t\t<div class=\"elementor-element elementor-element-75c34e6 elementor-widget elementor-widget-text-editor\" data-id=\"75c34e6\" data-element_type=\"widget\" data-widget_type=\"text-editor.default\">\n\t\t\t\t<div class=\"elementor-widget-container\">\n\t\t\t\t\t\t\t\t\t<p class=\"p1\">Oplev vores aktuelle erhvervsejendomme i Berlin. Her finder du vores erhvervsejendomme, som i \u00f8jeblikket er til salg &#8211; overskueligt pr\u00e6senteret med alle vigtige oplysninger. <\/p>\t\t\t\t\t\t\t\t<\/div>\n\t\t\t\t<\/div>\n\t\t\t\t<div class=\"elementor-element elementor-element-78f47cd4 elementor-widget elementor-widget-button\" data-id=\"78f47cd4\" data-element_type=\"widget\" data-widget_type=\"button.default\">\n\t\t\t\t<div class=\"elementor-widget-container\">\n\t\t\t\t\t\t\t\t\t<div class=\"elementor-button-wrapper\">\n\t\t\t\t\t<a class=\"elementor-button elementor-button-link elementor-size-sm\" href=\"https:\/\/www.rasmussenimmobilien.de\/da\/ejendomsraadgivning\/\">\n\t\t\t\t\t\t<span class=\"elementor-button-content-wrapper\">\n\t\t\t\t\t\t<span class=\"elementor-button-icon\">\n\t\t\t\t<svg aria-hidden=\"true\" class=\"e-font-icon-svg e-far-calendar-alt\" viewBox=\"0 0 448 512\" xmlns=\"http:\/\/www.w3.org\/2000\/svg\"><path d=\"M148 288h-40c-6.6 0-12-5.4-12-12v-40c0-6.6 5.4-12 12-12h40c6.6 0 12 5.4 12 12v40c0 6.6-5.4 12-12 12zm108-12v-40c0-6.6-5.4-12-12-12h-40c-6.6 0-12 5.4-12 12v40c0 6.6 5.4 12 12 12h40c6.6 0 12-5.4 12-12zm96 0v-40c0-6.6-5.4-12-12-12h-40c-6.6 0-12 5.4-12 12v40c0 6.6 5.4 12 12 12h40c6.6 0 12-5.4 12-12zm-96 96v-40c0-6.6-5.4-12-12-12h-40c-6.6 0-12 5.4-12 12v40c0 6.6 5.4 12 12 12h40c6.6 0 12-5.4 12-12zm-96 0v-40c0-6.6-5.4-12-12-12h-40c-6.6 0-12 5.4-12 12v40c0 6.6 5.4 12 12 12h40c6.6 0 12-5.4 12-12zm192 0v-40c0-6.6-5.4-12-12-12h-40c-6.6 0-12 5.4-12 12v40c0 6.6 5.4 12 12 12h40c6.6 0 12-5.4 12-12zm96-260v352c0 26.5-21.5 48-48 48H48c-26.5 0-48-21.5-48-48V112c0-26.5 21.5-48 48-48h48V12c0-6.6 5.4-12 12-12h40c6.6 0 12 5.4 12 12v52h128V12c0-6.6 5.4-12 12-12h40c6.6 0 12 5.4 12 12v52h48c26.5 0 48 21.5 48 48zm-48 346V160H48v298c0 3.3 2.7 6 6 6h340c3.3 0 6-2.7 6-6z\"><\/path><\/svg>\t\t\t<\/span>\n\t\t\t\t\t\t\t\t\t<span class=\"elementor-button-text\">Book en konsultation<\/span>\n\t\t\t\t\t<\/span>\n\t\t\t\t\t<\/a>\n\t\t\t\t<\/div>\n\t\t\t\t\t\t\t\t<\/div>\n\t\t\t\t<\/div>\n\t\t<div class=\"elementor-element elementor-element-155a9936 e-con-full e-flex e-con e-child\" data-id=\"155a9936\" data-element_type=\"container\">\n\t\t\t\t<div class=\"elementor-element elementor-element-7bcba1a7 elementor-widget elementor-widget-image\" data-id=\"7bcba1a7\" data-element_type=\"widget\" data-widget_type=\"image.default\">\n\t\t\t\t<div class=\"elementor-widget-container\">\n\t\t\t\t\t\t\t\t\t\t\t\t\t\t\t<img fetchpriority=\"high\" decoding=\"async\" width=\"1024\" height=\"394\" src=\"https:\/\/www.rasmussenimmobilien.de\/wp-content\/uploads\/2025\/08\/Zufriedene-Eigentumer-1024x394.webp\" class=\"attachment-large size-large wp-image-19600\" alt=\"\" srcset=\"https:\/\/www.rasmussenimmobilien.de\/wp-content\/uploads\/2025\/08\/Zufriedene-Eigentumer-1024x394.webp 1024w, https:\/\/www.rasmussenimmobilien.de\/wp-content\/uploads\/2025\/08\/Zufriedene-Eigentumer-300x115.webp 300w, https:\/\/www.rasmussenimmobilien.de\/wp-content\/uploads\/2025\/08\/Zufriedene-Eigentumer-768x295.webp 768w, https:\/\/www.rasmussenimmobilien.de\/wp-content\/uploads\/2025\/08\/Zufriedene-Eigentumer.webp 1040w\" sizes=\"(max-width: 1024px) 100vw, 1024px\" \/>\t\t\t\t\t\t\t\t\t\t\t\t\t\t\t<\/div>\n\t\t\t\t<\/div>\n\t\t\t\t<div class=\"elementor-element elementor-element-3c1fea22 elementor-widget elementor-widget-counter\" data-id=\"3c1fea22\" data-element_type=\"widget\" data-widget_type=\"counter.default\">\n\t\t\t\t<div class=\"elementor-widget-container\">\n\t\t\t\t\t\t\t<div class=\"elementor-counter\">\n\t\t\t\t\t\t<div class=\"elementor-counter-number-wrapper\">\n\t\t\t\t<span class=\"elementor-counter-number-prefix\"><\/span>\n\t\t\t\t<span class=\"elementor-counter-number\" data-duration=\"2000\" data-to-value=\"2000\" data-from-value=\"0\" data-delimiter=\",\">0<\/span>\n\t\t\t\t<span class=\"elementor-counter-number-suffix\">+<\/span>\n\t\t\t<\/div>\n\t\t<\/div>\n\t\t\t\t\t\t<\/div>\n\t\t\t\t<\/div>\n\t\t\t\t<div class=\"elementor-element elementor-element-4b903d5d elementor-widget elementor-widget-text-editor\" data-id=\"4b903d5d\" data-element_type=\"widget\" data-widget_type=\"text-editor.default\">\n\t\t\t\t<div class=\"elementor-widget-container\">\n\t\t\t\t\t\t\t\t\t<p>Betjente ejere<\/p>\t\t\t\t\t\t\t\t<\/div>\n\t\t\t\t<\/div>\n\t\t\t\t<\/div>\n\t\t\t\t<\/div>\n\t\t\t\t\t<\/div>\n\t\t\t\t<\/div>\n\t\t\t\t\t<\/div>\n\t\t\t\t<\/div>\n\t\t<div class=\"elementor-element elementor-element-6d4598f9 section-m e-flex e-con-boxed e-con e-parent\" data-id=\"6d4598f9\" data-element_type=\"container\" data-settings=\"{&quot;background_background&quot;:&quot;classic&quot;}\">\n\t\t\t\t\t<div class=\"e-con-inner\">\n\t\t\t\t<div class=\"elementor-element elementor-element-5e549cc elementor-widget elementor-widget-WpResidence_Items_List\" data-id=\"5e549cc\" data-element_type=\"widget\" data-widget_type=\"WpResidence_Items_List.default\">\n\t\t\t\t<div class=\"elementor-widget-container\">\n\t\t\t\t\t<div id=\"wpestate_sh_anime_367\" class=\"wpresidence_shortcode_listings_wrapper wpestate_anime wpestate_latest_listings_sh bottom-estate_property \" data-type=\"estate_property\" data-category_ids=\"109\" data-action_ids=\"\" data-city_ids=\"\" data-area_ids=\"\" data-state_ids=\"\" data-status_ids=\"\" data-features_ids=\"\" data-number=\"9\" data-row-number=\"3\" data-card-version=\"\" data-align=\"vertical\" data-show_featured_only=\"no\" data-random_pick=\"no\" data-featured_first=\"no\" data-sort-by=\"0\" data-display-grid=\"\" data-agent-id=\"\" data-page=\"1\"><div class=\"items_shortcode_wrapper row\">\n<!-- Main property unit wrapper -->\n<!-- The classes and data attributes here are used for filtering and layout purposes -->\n<div class=\"col-lg-4 col-12 col-sm-6 col-md-6   listing_wrapper  property_unit_type2\"\n    data-org=\"4\"\n    data-main-modal=\"https:\/\/www.rasmussenimmobilien.de\/wp-content\/uploads\/2025\/10\/dabba5c1-4ddd-4fd1-80d2-c6896a00346d-1950266827-623x467.webp\"\n    data-modal-title=\"LYS, MODERNE, RENOVERET F.EKS. FORRETNING, 2 SEP. INDGANG, EJENDOM ELLER KONTOR I KIEZLAGE\"\n    data-modal-link=\"https:\/\/www.rasmussenimmobilien.de\/da\/immobilie\/lys-moderne-renoveret-f-eks-forretning-2-sep-indgang-ejendom-eller-kontor-i-kiezlage\/\"\n    data-listid=\"20822\">\n\n    <!-- Property listing inner wrapper -->\n    <!-- This div contains all the property information and media -->\n    <div class=\"property_listing property_unit_type2 \"\n         data-link=\"https:\/\/www.rasmussenimmobilien.de\/da\/immobilie\/lys-moderne-renoveret-f-eks-forretning-2-sep-indgang-ejendom-eller-kontor-i-kiezlage\/\">\n\n                    <!-- Property image wrapper -->\n            <div class=\"listing-unit-img-wrapper\">\n                <div class=\"property_media\">\n        <i class=\"fas fa-camera\"><\/i> 0<\/div>                <!-- Gradient overlay for featured properties -->\n                <div class=\"featured_gradient\"><\/div>\n                <a href=\"https:\/\/www.rasmussenimmobilien.de\/da\/immobilie\/lys-moderne-renoveret-f-eks-forretning-2-sep-indgang-ejendom-eller-kontor-i-kiezlage\/\" target=\"_self\"><img decoding=\"async\" src=\"https:\/\/www.rasmussenimmobilien.de\/wp-content\/uploads\/2025\/10\/dabba5c1-4ddd-4fd1-80d2-c6896a00346d-1950266827-525x328.webp\" data-original=\"https:\/\/www.rasmussenimmobilien.de\/wp-content\/uploads\/2025\/10\/dabba5c1-4ddd-4fd1-80d2-c6896a00346d-1950266827-525x328.webp\" class=\"lazyload img-responsive\" \/><\/a><div class=\"tag-wrapper\">\n    <div class=\"status-wrapper\">\n    <div class=\"action_tag_wrapper K\u00f8b\">K\u00f8b<\/div><div class=\"ribbon-inside Ny\">Ny<\/div><\/div>\n<\/div><span class=\"icon-fav icon-fav-off\" data-bs-placement=\"left\" data-bs-toggle=\"tooltip\" title=\"add to favorites\" data-postid=\"20822\"><svg viewBox=\"0 0 32 32\" xmlns=\"http:\/\/www.w3.org\/2000\/svg\" aria-hidden=\"true\" role=\"presentation\" focusable=\"false\" \nstyle=\"display: block;  height: 24px; width: 24px; stroke: #fff; stroke-width: 2; overflow: visible;\">\n<path d=\"m16 28c7-4.733 14-10 14-17 0-1.792-.683-3.583-2.05-4.95-1.367-1.366-3.158-2.05-4.95-2.05-1.791 0-3.583.684-4.949 2.05l-2.051 2.051-2.05-2.051c-1.367-1.366-3.158-2.05-4.95-2.05-1.791 0-3.583.684-4.949 2.05-1.367 1.367-2.051 3.158-2.051 4.95 0 7 7 12.267 14 17z\"><\/path>\n<\/svg><\/span>            <\/div>\n\n            <!-- Property information wrapper -->\n            <div class=\"property-unit-information-wrapper\">\n            <h4>\n  <a href=\"https:\/\/www.rasmussenimmobilien.de\/da\/immobilie\/lys-moderne-renoveret-f-eks-forretning-2-sep-indgang-ejendom-eller-kontor-i-kiezlage\/\" >LYS, MODERNE, RENOVERET F.EKS. FORRETNING, 2...<\/a>\n<\/h4><div class=\"listing_unit_price_wrapper\">\n    599.000 \u20ac <span class=\"price_label\"><\/span><\/div><div class=\"listing_details the_grid_view\" style=\"display:block\">\n    H\u00f8jdepunkter i den fantastiske kommercielle enhed: Moderne, lyst erhvervslokale i stueetag <a href=\"https:\/\/www.rasmussenimmobilien.de\/da\/immobilie\/lys-moderne-renoveret-f-eks-forretning-2-sep-indgang-ejendom-eller-kontor-i-kiezlage\/\" class=\"unit_more_x\"> ...<\/a><\/div>\n\n<div class=\"listing_details the_list_view\" style=\"display:none\">\n    H\u00f8jdepunkter i den fantastiske kommercielle enhed: Moderne, lyst erhvervslokale i stueetagen med store gulv-til-loft-vinduer og direkte adgang til gaden -Presti <a href=\"https:\/\/www.rasmussenimmobilien.de\/da\/immobilie\/lys-moderne-renoveret-f-eks-forretning-2-sep-indgang-ejendom-eller-kontor-i-kiezlage\/\" class=\"unit_more_x\"> ...<\/a><\/div><div class=\"property_listing_details\">\n     <span class=\"infosize_unit_type2\"><span>113 m<sup>2<\/sup><\/span><\/span>          \n<\/div>            <\/div>\n            <\/div>\n<\/div>\n<!-- Main property unit wrapper -->\n<!-- The classes and data attributes here are used for filtering and layout purposes -->\n<div class=\"col-lg-4 col-12 col-sm-6 col-md-6   listing_wrapper  property_unit_type2\"\n    data-org=\"4\"\n    data-main-modal=\"https:\/\/www.rasmussenimmobilien.de\/wp-content\/uploads\/2025\/10\/fa1a6206-fc6b-4dd5-ad8a-f19722e9a8ba-1934577060-835x467.webp\"\n    data-modal-title=\"TOPRENOVERET MODERNE F.EKS. FORRETNING, 2 INDGANGE + K\u00c6LDER, KONTOR, PRAKSIS, BUTIK I NABOLAGET\"\n    data-modal-link=\"https:\/\/www.rasmussenimmobilien.de\/da\/immobilie\/toprenoveret-moderne-f-eks-forretning-2-indgange-kaelder-kontor-praksis-butik-i-nabolaget\/\"\n    data-listid=\"20714\">\n\n    <!-- Property listing inner wrapper -->\n    <!-- This div contains all the property information and media -->\n    <div class=\"property_listing property_unit_type2 \"\n         data-link=\"https:\/\/www.rasmussenimmobilien.de\/da\/immobilie\/toprenoveret-moderne-f-eks-forretning-2-indgange-kaelder-kontor-praksis-butik-i-nabolaget\/\">\n\n                    <!-- Property image wrapper -->\n            <div class=\"listing-unit-img-wrapper\">\n                <div class=\"property_media\">\n        <i class=\"fas fa-camera\"><\/i> 0<\/div>                <!-- Gradient overlay for featured properties -->\n                <div class=\"featured_gradient\"><\/div>\n                <a href=\"https:\/\/www.rasmussenimmobilien.de\/da\/immobilie\/toprenoveret-moderne-f-eks-forretning-2-indgange-kaelder-kontor-praksis-butik-i-nabolaget\/\" target=\"_self\"><img decoding=\"async\" src=\"https:\/\/www.rasmussenimmobilien.de\/wp-content\/uploads\/2025\/10\/fa1a6206-fc6b-4dd5-ad8a-f19722e9a8ba-1934577060-525x328.webp\" data-original=\"https:\/\/www.rasmussenimmobilien.de\/wp-content\/uploads\/2025\/10\/fa1a6206-fc6b-4dd5-ad8a-f19722e9a8ba-1934577060-525x328.webp\" class=\"lazyload img-responsive\" \/><\/a><div class=\"tag-wrapper\">\n    <div class=\"status-wrapper\">\n    <div class=\"action_tag_wrapper K\u00f8b\">K\u00f8b<\/div><div class=\"ribbon-inside Ny\">Ny<\/div><\/div>\n<\/div><span class=\"icon-fav icon-fav-off\" data-bs-placement=\"left\" data-bs-toggle=\"tooltip\" title=\"add to favorites\" data-postid=\"20714\"><svg viewBox=\"0 0 32 32\" xmlns=\"http:\/\/www.w3.org\/2000\/svg\" aria-hidden=\"true\" role=\"presentation\" focusable=\"false\" \nstyle=\"display: block;  height: 24px; width: 24px; stroke: #fff; stroke-width: 2; overflow: visible;\">\n<path d=\"m16 28c7-4.733 14-10 14-17 0-1.792-.683-3.583-2.05-4.95-1.367-1.366-3.158-2.05-4.95-2.05-1.791 0-3.583.684-4.949 2.05l-2.051 2.051-2.05-2.051c-1.367-1.366-3.158-2.05-4.95-2.05-1.791 0-3.583.684-4.949 2.05-1.367 1.367-2.051 3.158-2.051 4.95 0 7 7 12.267 14 17z\"><\/path>\n<\/svg><\/span>            <\/div>\n\n            <!-- Property information wrapper -->\n            <div class=\"property-unit-information-wrapper\">\n            <h4>\n  <a href=\"https:\/\/www.rasmussenimmobilien.de\/da\/immobilie\/toprenoveret-moderne-f-eks-forretning-2-indgange-kaelder-kontor-praksis-butik-i-nabolaget\/\" >TOPRENOVERET MODERNE F.EKS. FORRETNING, 2 IN...<\/a>\n<\/h4><div class=\"listing_unit_price_wrapper\">\n    759.000 \u20ac <span class=\"price_label\"><\/span><\/div><div class=\"listing_details the_grid_view\" style=\"display:block\">\n    -Komplet renoverede erhvervslokaler i stueetagen til en meget h\u00f8j standard for k\u00f8beren, de <a href=\"https:\/\/www.rasmussenimmobilien.de\/da\/immobilie\/toprenoveret-moderne-f-eks-forretning-2-indgange-kaelder-kontor-praksis-butik-i-nabolaget\/\" class=\"unit_more_x\"> ...<\/a><\/div>\n\n<div class=\"listing_details the_list_view\" style=\"display:none\">\n    -Komplet renoverede erhvervslokaler i stueetagen til en meget h\u00f8j standard for k\u00f8beren, der leder efter noget \"S\u00c6RLIGT\". -Her kan du ud\u00f8ve dit fag i repr\u00e6sentat <a href=\"https:\/\/www.rasmussenimmobilien.de\/da\/immobilie\/toprenoveret-moderne-f-eks-forretning-2-indgange-kaelder-kontor-praksis-butik-i-nabolaget\/\" class=\"unit_more_x\"> ...<\/a><\/div><div class=\"property_listing_details\">\n     <span class=\"infosize_unit_type2\"><span>112 m<sup>2<\/sup><\/span><\/span>          \n<\/div>            <\/div>\n            <\/div>\n<\/div>\n<!-- Main property unit wrapper -->\n<!-- The classes and data attributes here are used for filtering and layout purposes -->\n<div class=\"col-lg-4 col-12 col-sm-6 col-md-6   listing_wrapper  property_unit_type2\"\n    data-org=\"4\"\n    data-main-modal=\"https:\/\/www.rasmussenimmobilien.de\/wp-content\/uploads\/2025\/10\/2e7a30d4-5289-40b9-a608-177f4c3da21c-1942179130-623x467.webp\"\n    data-modal-title=\"HJ\u00d8RNE-KOMMERCIEL **BARRIEREFRI** VELDESIGNET EC-KOMMERCIEL ENHED\/BUTIK MED FANTASTISK BELIGGENHED I NABOLAGET\"\n    data-modal-link=\"https:\/\/www.rasmussenimmobilien.de\/da\/immobilie\/hjoerne-kommerciel-barrierefri-veldesignet-ec-kommerciel-enhed-butik-med-fantastisk-beliggenhed-i-nabolaget\/\"\n    data-listid=\"20713\">\n\n    <!-- Property listing inner wrapper -->\n    <!-- This div contains all the property information and media -->\n    <div class=\"property_listing property_unit_type2 \"\n         data-link=\"https:\/\/www.rasmussenimmobilien.de\/da\/immobilie\/hjoerne-kommerciel-barrierefri-veldesignet-ec-kommerciel-enhed-butik-med-fantastisk-beliggenhed-i-nabolaget\/\">\n\n                    <!-- Property image wrapper -->\n            <div class=\"listing-unit-img-wrapper\">\n                <div class=\"property_media\">\n        <i class=\"fas fa-camera\"><\/i> 0<\/div>                <!-- Gradient overlay for featured properties -->\n                <div class=\"featured_gradient\"><\/div>\n                <a href=\"https:\/\/www.rasmussenimmobilien.de\/da\/immobilie\/hjoerne-kommerciel-barrierefri-veldesignet-ec-kommerciel-enhed-butik-med-fantastisk-beliggenhed-i-nabolaget\/\" target=\"_self\"><img decoding=\"async\" src=\"https:\/\/www.rasmussenimmobilien.de\/wp-content\/uploads\/2025\/10\/2e7a30d4-5289-40b9-a608-177f4c3da21c-1942179130-525x328.webp\" data-original=\"https:\/\/www.rasmussenimmobilien.de\/wp-content\/uploads\/2025\/10\/2e7a30d4-5289-40b9-a608-177f4c3da21c-1942179130-525x328.webp\" class=\"lazyload img-responsive\" \/><\/a><div class=\"tag-wrapper\">\n    <div class=\"status-wrapper\">\n    <div class=\"action_tag_wrapper K\u00f8b\">K\u00f8b<\/div><div class=\"ribbon-inside Ny\">Ny<\/div><\/div>\n<\/div><span class=\"icon-fav icon-fav-off\" data-bs-placement=\"left\" data-bs-toggle=\"tooltip\" title=\"add to favorites\" data-postid=\"20713\"><svg viewBox=\"0 0 32 32\" xmlns=\"http:\/\/www.w3.org\/2000\/svg\" aria-hidden=\"true\" role=\"presentation\" focusable=\"false\" \nstyle=\"display: block;  height: 24px; width: 24px; stroke: #fff; stroke-width: 2; overflow: visible;\">\n<path d=\"m16 28c7-4.733 14-10 14-17 0-1.792-.683-3.583-2.05-4.95-1.367-1.366-3.158-2.05-4.95-2.05-1.791 0-3.583.684-4.949 2.05l-2.051 2.051-2.05-2.051c-1.367-1.366-3.158-2.05-4.95-2.05-1.791 0-3.583.684-4.949 2.05-1.367 1.367-2.051 3.158-2.051 4.95 0 7 7 12.267 14 17z\"><\/path>\n<\/svg><\/span>            <\/div>\n\n            <!-- Property information wrapper -->\n            <div class=\"property-unit-information-wrapper\">\n            <h4>\n  <a href=\"https:\/\/www.rasmussenimmobilien.de\/da\/immobilie\/hjoerne-kommerciel-barrierefri-veldesignet-ec-kommerciel-enhed-butik-med-fantastisk-beliggenhed-i-nabolaget\/\" >HJ\u00d8RNE-KOMMERCIEL **BARRIEREFRI** VELDESIGNE...<\/a>\n<\/h4><div class=\"listing_unit_price_wrapper\">\n    349.000 \u20ac <span class=\"price_label\"><\/span><\/div><div class=\"listing_details the_grid_view\" style=\"display:block\">\n    - INGEN CAFE \/ INGEN GASTRONOMI, ingen tilladelse i delingserkl\u00e6ringen, ingen udst\u00f8dningsl <a href=\"https:\/\/www.rasmussenimmobilien.de\/da\/immobilie\/hjoerne-kommerciel-barrierefri-veldesignet-ec-kommerciel-enhed-butik-med-fantastisk-beliggenhed-i-nabolaget\/\" class=\"unit_more_x\"> ...<\/a><\/div>\n\n<div class=\"listing_details the_list_view\" style=\"display:none\">\n    - INGEN CAFE \/ INGEN GASTRONOMI, ingen tilladelse i delingserkl\u00e6ringen, ingen udst\u00f8dningsluft - INGEN FERIELEJLIGHED ELLER INDKVARTERING MULIG!!! - Hj\u00f8rnebutik  <a href=\"https:\/\/www.rasmussenimmobilien.de\/da\/immobilie\/hjoerne-kommerciel-barrierefri-veldesignet-ec-kommerciel-enhed-butik-med-fantastisk-beliggenhed-i-nabolaget\/\" class=\"unit_more_x\"> ...<\/a><\/div><div class=\"property_listing_details\">\n     <span class=\"infosize_unit_type2\"><span>105 m<sup>2<\/sup><\/span><\/span>          \n<\/div>            <\/div>\n            <\/div>\n<\/div><\/div><div class=\"wpestate_listing_sh_loader\"><div class=\"new_prelader\"><\/div><\/div><div class=\"listinglink-wrapper_sh_listings exclude-rtl\"><span class=\"wpresidence_button wpestate_item_list_sh\">Indl\u00e6s flere lister<\/span><\/div><\/div>\t\t\t\t<\/div>\n\t\t\t\t<\/div>\n\t\t\t\t\t<\/div>\n\t\t\t\t<\/div>\n\t\t\t\t<\/div>\n\t\t","protected":false},"excerpt":{"rendered":"<p>Erhvervsejendomme i Kommerciel ejendom Oplev vores aktuelle erhvervsejendomme i . Her finder du vores erhvervsejendomme, som i \u00f8jeblikket er til salg &#8211; overskueligt pr\u00e6senteret med alle vigtige oplysninger. Hjem Erhvervsejendomme i Kommerciel ejendom Oplev vores aktuelle erhvervsejendomme i . Her finder du vores erhvervsejendomme, som i \u00f8jeblikket er til salg &#8211; overskueligt pr\u00e6senteret med alle vigtige oplysninger. Book en konsultation 0 + Betjente ejere &#8230;<\/p>\n","protected":false},"author":1,"featured_media":0,"parent":0,"menu_order":0,"comment_status":"closed","ping_status":"closed","template":"elementor_header_footer","meta":{"footnotes":""},"class_list":["post-20891","page","type-page","status-publish","hentry"],"_links":{"self":[{"href":"https:\/\/www.rasmussenimmobilien.de\/da\/wp-json\/wp\/v2\/pages\/20891","targetHints":{"allow":["GET"]}}],"collection":[{"href":"https:\/\/www.rasmussenimmobilien.de\/da\/wp-json\/wp\/v2\/pages"}],"about":[{"href":"https:\/\/www.rasmussenimmobilien.de\/da\/wp-json\/wp\/v2\/types\/page"}],"author":[{"embeddable":true,"href":"https:\/\/www.rasmussenimmobilien.de\/da\/wp-json\/wp\/v2\/users\/1"}],"replies":[{"embeddable":true,"href":"https:\/\/www.rasmussenimmobilien.de\/da\/wp-json\/wp\/v2\/comments?post=20891"}],"version-history":[{"count":1,"href":"https:\/\/www.rasmussenimmobilien.de\/da\/wp-json\/wp\/v2\/pages\/20891\/revisions"}],"predecessor-version":[{"id":20893,"href":"https:\/\/www.rasmussenimmobilien.de\/da\/wp-json\/wp\/v2\/pages\/20891\/revisions\/20893"}],"wp:attachment":[{"href":"https:\/\/www.rasmussenimmobilien.de\/da\/wp-json\/wp\/v2\/media?parent=20891"}],"curies":[{"name":"wp","href":"https:\/\/api.w.org\/{rel}","templated":true}]}}