{"id":20897,"date":"2025-10-21T13:55:06","date_gmt":"2025-10-21T11:55:06","guid":{"rendered":"https:\/\/www.rasmussenimmobilien.de\/politik-for-afbestilling\/"},"modified":"2025-10-27T15:06:17","modified_gmt":"2025-10-27T14:06:17","slug":"politik-for-afbestilling","status":"publish","type":"page","link":"https:\/\/www.rasmussenimmobilien.de\/da\/politik-for-afbestilling\/","title":{"rendered":"Politik for afbestilling"},"content":{"rendered":"\t\t<div data-elementor-type=\"wp-page\" data-elementor-id=\"20897\" class=\"elementor elementor-20897 elementor-20120\" data-elementor-post-type=\"page\">\n\t\t\t\t<div class=\"elementor-element elementor-element-53e05fd3 section-m elementor-hidden-mobile elementor-hidden-tablet e-flex e-con-boxed e-con e-parent\" data-id=\"53e05fd3\" data-element_type=\"container\" data-settings=\"{&quot;background_background&quot;:&quot;classic&quot;}\">\n\t\t\t\t\t<div class=\"e-con-inner\">\n\t\t<div class=\"elementor-element elementor-element-13a59eea e-grid animated-fast e-con-boxed elementor-invisible e-con e-child\" data-id=\"13a59eea\" data-element_type=\"container\" data-settings=\"{&quot;animation&quot;:&quot;fadeIn&quot;,&quot;animation_delay&quot;:500}\">\n\t\t\t\t\t<div class=\"e-con-inner\">\n\t\t<div class=\"elementor-element elementor-element-697ccd40 e-con-full animated-fast e-flex elementor-invisible e-con e-child\" data-id=\"697ccd40\" data-element_type=\"container\" data-settings=\"{&quot;background_background&quot;:&quot;classic&quot;,&quot;animation&quot;:&quot;fadeIn&quot;}\">\n\t\t\t\t<div class=\"elementor-element elementor-element-180a6f68 elementor-invisible elementor-widget elementor-widget-heading\" data-id=\"180a6f68\" data-element_type=\"widget\" data-settings=\"{&quot;_animation&quot;:&quot;fadeInDown&quot;}\" data-widget_type=\"heading.default\">\n\t\t\t\t<div class=\"elementor-widget-container\">\n\t\t\t\t\t<p class=\"elementor-heading-title elementor-size-default\">Juridiske oplysninger<\/p>\t\t\t\t<\/div>\n\t\t\t\t<\/div>\n\t\t\t\t<div class=\"elementor-element elementor-element-49260e1e elementor-invisible elementor-widget elementor-widget-heading\" data-id=\"49260e1e\" data-element_type=\"widget\" data-settings=\"{&quot;_animation&quot;:&quot;fadeInDown&quot;}\" data-widget_type=\"heading.default\">\n\t\t\t\t<div class=\"elementor-widget-container\">\n\t\t\t\t\t<h1 class=\"elementor-heading-title elementor-size-default\">Politik for afbestilling<\/h1>\t\t\t\t<\/div>\n\t\t\t\t<\/div>\n\t\t\t\t<\/div>\n\t\t\t\t<div class=\"elementor-element elementor-element-7ff1ddc elementor-icon-list--layout-inline elementor-list-item-link-inline elementor-align-right elementor-mobile-align-left elementor-tablet-align-left animated-fast elementor-hidden-tablet elementor-hidden-mobile elementor-invisible elementor-widget elementor-widget-icon-list\" data-id=\"7ff1ddc\" data-element_type=\"widget\" data-settings=\"{&quot;_animation&quot;:&quot;fadeIn&quot;,&quot;_animation_delay&quot;:600}\" data-widget_type=\"icon-list.default\">\n\t\t\t\t<div class=\"elementor-widget-container\">\n\t\t\t\t\t\t\t<ul class=\"elementor-icon-list-items elementor-inline-items\">\n\t\t\t\t\t\t\t<li class=\"elementor-icon-list-item elementor-inline-item\">\n\t\t\t\t\t\t\t\t\t\t\t<a href=\"\/\">\n\n\t\t\t\t\t\t\t\t\t\t\t<span class=\"elementor-icon-list-text\">Hjem<\/span>\n\t\t\t\t\t\t\t\t\t\t\t<\/a>\n\t\t\t\t\t\t\t\t\t<\/li>\n\t\t\t\t\t\t\t\t<li class=\"elementor-icon-list-item elementor-inline-item\">\n\t\t\t\t\t\t\t\t\t\t\t<a href=\"https:\/\/www.rasmussenimmobilien.de\/da\/politik-for-afbestilling\/\">\n\n\t\t\t\t\t\t\t\t\t\t\t\t<span class=\"elementor-icon-list-icon\">\n\t\t\t\t\t\t\t<svg aria-hidden=\"true\" class=\"e-font-icon-svg e-fas-angle-right\" viewBox=\"0 0 256 512\" xmlns=\"http:\/\/www.w3.org\/2000\/svg\"><path d=\"M224.3 273l-136 136c-9.4 9.4-24.6 9.4-33.9 0l-22.6-22.6c-9.4-9.4-9.4-24.6 0-33.9l96.4-96.4-96.4-96.4c-9.4-9.4-9.4-24.6 0-33.9L54.3 103c9.4-9.4 24.6-9.4 33.9 0l136 136c9.5 9.4 9.5 24.6.1 34z\"><\/path><\/svg>\t\t\t\t\t\t<\/span>\n\t\t\t\t\t\t\t\t\t\t<span class=\"elementor-icon-list-text\"><\/span>\n\t\t\t\t\t\t\t\t\t\t\t<\/a>\n\t\t\t\t\t\t\t\t\t<\/li>\n\t\t\t\t\t\t<\/ul>\n\t\t\t\t\t\t<\/div>\n\t\t\t\t<\/div>\n\t\t\t\t\t<\/div>\n\t\t\t\t<\/div>\n\t\t\t\t\t<\/div>\n\t\t\t\t<\/div>\n\t\t<div class=\"elementor-element elementor-element-cfb5fcc section-m e-flex e-con-boxed e-con e-parent\" data-id=\"cfb5fcc\" data-element_type=\"container\" data-settings=\"{&quot;background_background&quot;:&quot;classic&quot;}\">\n\t\t\t\t\t<div class=\"e-con-inner\">\n\t\t<div class=\"elementor-element elementor-element-30a2ce59 e-con-full e-flex e-con e-child\" data-id=\"30a2ce59\" data-element_type=\"container\" data-settings=\"{&quot;background_background&quot;:&quot;classic&quot;}\">\n\t\t<div class=\"elementor-element elementor-element-68e132fd e-con-full e-flex e-con e-child\" data-id=\"68e132fd\" data-element_type=\"container\">\n\t\t<div class=\"elementor-element elementor-element-719d69c e-con-full e-flex e-con e-child\" data-id=\"719d69c\" data-element_type=\"container\" data-settings=\"{&quot;background_background&quot;:&quot;classic&quot;}\">\n\t\t<div class=\"elementor-element elementor-element-7a2f094 e-con-full e-flex e-con e-child\" data-id=\"7a2f094\" data-element_type=\"container\" data-settings=\"{&quot;background_background&quot;:&quot;classic&quot;}\">\n\t\t\t\t<div class=\"elementor-element elementor-element-985333a elementor-position-left elementor-view-default elementor-mobile-position-top elementor-widget elementor-widget-icon-box\" data-id=\"985333a\" data-element_type=\"widget\" data-widget_type=\"icon-box.default\">\n\t\t\t\t<div class=\"elementor-widget-container\">\n\t\t\t\t\t\t\t<div class=\"elementor-icon-box-wrapper\">\n\n\t\t\t\t\t\t<div class=\"elementor-icon-box-icon\">\n\t\t\t\t<span  class=\"elementor-icon\">\n\t\t\t\t<svg aria-hidden=\"true\" class=\"e-font-icon-svg e-fas-file-pdf\" viewBox=\"0 0 384 512\" xmlns=\"http:\/\/www.w3.org\/2000\/svg\"><path d=\"M181.9 256.1c-5-16-4.9-46.9-2-46.9 8.4 0 7.6 36.9 2 46.9zm-1.7 47.2c-7.7 20.2-17.3 43.3-28.4 62.7 18.3-7 39-17.2 62.9-21.9-12.7-9.6-24.9-23.4-34.5-40.8zM86.1 428.1c0 .8 13.2-5.4 34.9-40.2-6.7 6.3-29.1 24.5-34.9 40.2zM248 160h136v328c0 13.3-10.7 24-24 24H24c-13.3 0-24-10.7-24-24V24C0 10.7 10.7 0 24 0h200v136c0 13.2 10.8 24 24 24zm-8 171.8c-20-12.2-33.3-29-42.7-53.8 4.5-18.5 11.6-46.6 6.2-64.2-4.7-29.4-42.4-26.5-47.8-6.8-5 18.3-.4 44.1 8.1 77-11.6 27.6-28.7 64.6-40.8 85.8-.1 0-.1.1-.2.1-27.1 13.9-73.6 44.5-54.5 68 5.6 6.9 16 10 21.5 10 17.9 0 35.7-18 61.1-61.8 25.8-8.5 54.1-19.1 79-23.2 21.7 11.8 47.1 19.5 64 19.5 29.2 0 31.2-32 19.7-43.4-13.9-13.6-54.3-9.7-73.6-7.2zM377 105L279 7c-4.5-4.5-10.6-7-17-7h-6v128h128v-6.1c0-6.3-2.5-12.4-7-16.9zm-74.1 255.3c4.1-2.7-2.5-11.9-42.8-9 37.1 15.8 42.8 9 42.8 9z\"><\/path><\/svg>\t\t\t\t<\/span>\n\t\t\t<\/div>\n\t\t\t\n\t\t\t\t\t\t<div class=\"elementor-icon-box-content\">\n\n\t\t\t\t\t\t\t\t\t<h3 class=\"elementor-icon-box-title\">\n\t\t\t\t\t\t<span  >\n\t\t\t\t\t\t\tPolitik for afbestilling\t\t\t\t\t\t<\/span>\n\t\t\t\t\t<\/h3>\n\t\t\t\t\n\t\t\t\t\t\t\t\t\t<p class=\"elementor-icon-box-description\">\n\t\t\t\t\t\tAfbestillingspolitik.pdf\nAdobe Acrobat Document\t\t\t\t\t<\/p>\n\t\t\t\t\n\t\t\t<\/div>\n\t\t\t\n\t\t<\/div>\n\t\t\t\t\t\t<\/div>\n\t\t\t\t<\/div>\n\t\t\t\t<div class=\"elementor-element elementor-element-c3807b4 elementor-widget elementor-widget-button\" data-id=\"c3807b4\" data-element_type=\"widget\" data-widget_type=\"button.default\">\n\t\t\t\t<div class=\"elementor-widget-container\">\n\t\t\t\t\t\t\t\t\t<div class=\"elementor-button-wrapper\">\n\t\t\t\t\t<a class=\"elementor-button elementor-button-link elementor-size-sm\" href=\"\/wp-content\/uploads\/2025\/10\/Widerrufsbelehrung.pdf\">\n\t\t\t\t\t\t<span class=\"elementor-button-content-wrapper\">\n\t\t\t\t\t\t<span class=\"elementor-button-icon\">\n\t\t\t\t<svg aria-hidden=\"true\" class=\"e-font-icon-svg e-fas-file-download\" viewBox=\"0 0 384 512\" xmlns=\"http:\/\/www.w3.org\/2000\/svg\"><path d=\"M224 136V0H24C10.7 0 0 10.7 0 24v464c0 13.3 10.7 24 24 24h336c13.3 0 24-10.7 24-24V160H248c-13.2 0-24-10.8-24-24zm76.45 211.36l-96.42 95.7c-6.65 6.61-17.39 6.61-24.04 0l-96.42-95.7C73.42 337.29 80.54 320 94.82 320H160v-80c0-8.84 7.16-16 16-16h32c8.84 0 16 7.16 16 16v80h65.18c14.28 0 21.4 17.29 11.27 27.36zM377 105L279.1 7c-4.5-4.5-10.6-7-17-7H256v128h128v-6.1c0-6.3-2.5-12.4-7-16.9z\"><\/path><\/svg>\t\t\t<\/span>\n\t\t\t\t\t\t\t\t\t<span class=\"elementor-button-text\">Download<\/span>\n\t\t\t\t\t<\/span>\n\t\t\t\t\t<\/a>\n\t\t\t\t<\/div>\n\t\t\t\t\t\t\t\t<\/div>\n\t\t\t\t<\/div>\n\t\t\t\t<\/div>\n\t\t<div class=\"elementor-element elementor-element-09bca77 e-con-full e-flex e-con e-child\" data-id=\"09bca77\" data-element_type=\"container\" data-settings=\"{&quot;background_background&quot;:&quot;classic&quot;}\">\n\t\t\t\t<div class=\"elementor-element elementor-element-7199044 elementor-position-left elementor-view-default elementor-mobile-position-top elementor-widget elementor-widget-icon-box\" data-id=\"7199044\" data-element_type=\"widget\" data-widget_type=\"icon-box.default\">\n\t\t\t\t<div class=\"elementor-widget-container\">\n\t\t\t\t\t\t\t<div class=\"elementor-icon-box-wrapper\">\n\n\t\t\t\t\t\t<div class=\"elementor-icon-box-icon\">\n\t\t\t\t<span  class=\"elementor-icon\">\n\t\t\t\t<svg aria-hidden=\"true\" class=\"e-font-icon-svg e-fas-file-pdf\" viewBox=\"0 0 384 512\" xmlns=\"http:\/\/www.w3.org\/2000\/svg\"><path d=\"M181.9 256.1c-5-16-4.9-46.9-2-46.9 8.4 0 7.6 36.9 2 46.9zm-1.7 47.2c-7.7 20.2-17.3 43.3-28.4 62.7 18.3-7 39-17.2 62.9-21.9-12.7-9.6-24.9-23.4-34.5-40.8zM86.1 428.1c0 .8 13.2-5.4 34.9-40.2-6.7 6.3-29.1 24.5-34.9 40.2zM248 160h136v328c0 13.3-10.7 24-24 24H24c-13.3 0-24-10.7-24-24V24C0 10.7 10.7 0 24 0h200v136c0 13.2 10.8 24 24 24zm-8 171.8c-20-12.2-33.3-29-42.7-53.8 4.5-18.5 11.6-46.6 6.2-64.2-4.7-29.4-42.4-26.5-47.8-6.8-5 18.3-.4 44.1 8.1 77-11.6 27.6-28.7 64.6-40.8 85.8-.1 0-.1.1-.2.1-27.1 13.9-73.6 44.5-54.5 68 5.6 6.9 16 10 21.5 10 17.9 0 35.7-18 61.1-61.8 25.8-8.5 54.1-19.1 79-23.2 21.7 11.8 47.1 19.5 64 19.5 29.2 0 31.2-32 19.7-43.4-13.9-13.6-54.3-9.7-73.6-7.2zM377 105L279 7c-4.5-4.5-10.6-7-17-7h-6v128h128v-6.1c0-6.3-2.5-12.4-7-16.9zm-74.1 255.3c4.1-2.7-2.5-11.9-42.8-9 37.1 15.8 42.8 9 42.8 9z\"><\/path><\/svg>\t\t\t\t<\/span>\n\t\t\t<\/div>\n\t\t\t\n\t\t\t\t\t\t<div class=\"elementor-icon-box-content\">\n\n\t\t\t\t\t\t\t\t\t<h3 class=\"elementor-icon-box-title\">\n\t\t\t\t\t\t<span  >\n\t\t\t\t\t\t\tOPPOSITION\t\t\t\t\t\t<\/span>\n\t\t\t\t\t<\/h3>\n\t\t\t\t\n\t\t\t\t\t\t\t\t\t<p class=\"elementor-icon-box-description\">\n\t\t\t\t\t\tWIDERRUF.pdf\nAdobe Acrobat-dokument\t\t\t\t\t<\/p>\n\t\t\t\t\n\t\t\t<\/div>\n\t\t\t\n\t\t<\/div>\n\t\t\t\t\t\t<\/div>\n\t\t\t\t<\/div>\n\t\t\t\t<div class=\"elementor-element elementor-element-c1ece2c elementor-widget elementor-widget-button\" data-id=\"c1ece2c\" data-element_type=\"widget\" data-widget_type=\"button.default\">\n\t\t\t\t<div class=\"elementor-widget-container\">\n\t\t\t\t\t\t\t\t\t<div class=\"elementor-button-wrapper\">\n\t\t\t\t\t<a class=\"elementor-button elementor-button-link elementor-size-sm\" href=\"\/wp-content\/uploads\/2025\/10\/WIDERRUF.pdf\">\n\t\t\t\t\t\t<span class=\"elementor-button-content-wrapper\">\n\t\t\t\t\t\t<span class=\"elementor-button-icon\">\n\t\t\t\t<svg aria-hidden=\"true\" class=\"e-font-icon-svg e-fas-file-download\" viewBox=\"0 0 384 512\" xmlns=\"http:\/\/www.w3.org\/2000\/svg\"><path d=\"M224 136V0H24C10.7 0 0 10.7 0 24v464c0 13.3 10.7 24 24 24h336c13.3 0 24-10.7 24-24V160H248c-13.2 0-24-10.8-24-24zm76.45 211.36l-96.42 95.7c-6.65 6.61-17.39 6.61-24.04 0l-96.42-95.7C73.42 337.29 80.54 320 94.82 320H160v-80c0-8.84 7.16-16 16-16h32c8.84 0 16 7.16 16 16v80h65.18c14.28 0 21.4 17.29 11.27 27.36zM377 105L279.1 7c-4.5-4.5-10.6-7-17-7H256v128h128v-6.1c0-6.3-2.5-12.4-7-16.9z\"><\/path><\/svg>\t\t\t<\/span>\n\t\t\t\t\t\t\t\t\t<span class=\"elementor-button-text\">Download<\/span>\n\t\t\t\t\t<\/span>\n\t\t\t\t\t<\/a>\n\t\t\t\t<\/div>\n\t\t\t\t\t\t\t\t<\/div>\n\t\t\t\t<\/div>\n\t\t\t\t<\/div>\n\t\t\t\t<\/div>\n\t\t\t\t<div class=\"elementor-element elementor-element-712e5a75 elementor-invisible elementor-widget elementor-widget-text-editor\" data-id=\"712e5a75\" data-element_type=\"widget\" data-settings=\"{&quot;_animation&quot;:&quot;fadeInLeft&quot;}\" data-widget_type=\"text-editor.default\">\n\t\t\t\t<div class=\"elementor-widget-container\">\n\t\t\t\t\t\t\t\t\tFra 13. juni 2014: Fortrydelsesret for aftaler indg\u00e5et uden for fast forretningssted og for fjernsalgsaftaler med undtagelse af aftaler om finansielle tjenesteydelser (i overensstemmelse med lov om gennemf\u00f8relse af forbrugerrettighedsdirektivet og \u00e6ndring af lov om regulering af boligformidling, BGBI.I.2013, s. 3642,3663) Oplysningspligt i henhold til \u00a7 312d, stk. 1, BGB sammenholdt med Art. 246a \u00a7 21 stk. 2 s\u00e6tning 2 EGBGB  \t\t\t\t\t\t\t\t<\/div>\n\t\t\t\t<\/div>\n\t\t\t\t<div class=\"elementor-element elementor-element-5f2294d0 elementor-widget elementor-widget-text-editor\" data-id=\"5f2294d0\" data-element_type=\"widget\" data-widget_type=\"text-editor.default\">\n\t\t\t\t<div class=\"elementor-widget-container\">\n\t\t\t\t\t\t\t\t\t<p><strong>Entrepren\u00f8r<\/strong><br>RASMUSSEN IMMOBILIEN GMBH<br>Johann-Sigismund-Str. 3<br>10711 Berlin<\/p><p>Tlf: +49 30 88922560<br>Fax: +49 30 889225616<br>E-mail: office@rasmussenimmobilien.de<br>Hjemmeside: www.rasmussenimmobilien.de<\/p><p>Bemyndiget repr\u00e6sentant: Anette Rasmussen<\/p><p>Handelsregisternummer: HRB 119347 B<\/p><p>informerer klienten\/kunden p\u00e5 f\u00f8lgende m\u00e5de:<\/p><p><strong><b>Ret til tilbagekaldelse<\/b><\/strong><\/p><p>Du har ret til at annullere denne kontrakt inden for fjorten dage uden at angive nogen grund. Annulleringsperioden er fjorten dage fra datoen for indg\u00e5else af kontrakten. For at ud\u00f8ve din fortrydelsesret skal du kontakte os,  <\/p><p>Rasmussen Immobilien GmbH<br>Virksomhedens hoveds\u00e6de: Johann-Sigismund-Str. 3 i 10711 Berlin<br>Telefon: 030-889 22 56-0<br>Fax: 030-889 22 56-16<br>E-mail: office@rasmussenimmobilien.de <\/p><p>ved en tydelig erkl\u00e6ring (f.eks. et brev sendt med posten, en fax eller en e-mail) om din beslutning om at annullere denne kontrakt. Du kan bruge den vedh\u00e6ftede fortrydelsesformular til dette form\u00e5l, men det er ikke obligatorisk. <\/p><p>For at overholde fortrydelsesfristen er det tilstr\u00e6kkeligt, at du sender din meddelelse om ud\u00f8velse af fortrydelsesretten inden fortrydelsesfristens udl\u00f8b.<\/p><p><strong>Konsekvenser af annullering<\/strong><\/p><p>Hvis du fortryder denne aftale, skal vi tilbagebetale alle betalinger, som vi har modtaget fra dig, med det samme og senest 14 dage fra den dag, hvor vi har modtaget meddelelse om din fortrydelse af denne aftale. Til denne tilbagebetaling benytter vi samme betalingsmiddel, som du benyttede ved den oprindelige transaktion, medmindre andet udtrykkeligt er aftalt med dig; du vil under ingen omst\u00e6ndigheder blive opkr\u00e6vet gebyrer for denne tilbagebetaling. <\/p><p><strong>Afl\u00f8nning for \u00f8jeblikkelig pr\u00e6station<\/strong><\/p><p>Hvis du har anmodet om, at tjenesteydelserne p\u00e5begyndes i fortrydelsesperioden, skal du betale os et rimeligt bel\u00f8b svarende til andelen af de tjenesteydelser, der allerede er leveret indtil det tidspunkt, hvor du informerer os om ud\u00f8velsen af fortrydelsesretten med hensyn til denne kontrakt, i forhold til det samlede omfang af de tjenesteydelser, der er fastsat i kontrakten.<\/p><p><strong>Viden om erstatning af v\u00e6rdi<\/strong><\/p><p>Jeg er endvidere opm\u00e6rksom p\u00e5, at jeg i tilf\u00e6lde af en annullering, f\u00f8r m\u00e6gleren har opfyldt kontrakten fuldt ud, vil skylde m\u00e6gleren kompensation for v\u00e6rdien af den service, der er leveret indtil annulleringstidspunktet.<\/p><p><strong>Slut p\u00e5 afbestillingsregler<\/strong><\/p>\t\t\t\t\t\t\t\t<\/div>\n\t\t\t\t<\/div>\n\t\t\t\t<\/div>\n\t\t\t\t<\/div>\n\t\t\t\t\t<\/div>\n\t\t\t\t<\/div>\n\t\t\t\t<\/div>\n\t\t","protected":false},"excerpt":{"rendered":"<p>Juridiske oplysninger Politik for afbestilling Hjem Politik for afbestilling Afbestillingspolitik.pdf Adobe Acrobat Document Download OPPOSITION WIDERRUF.pdf Adobe Acrobat-dokument Download Fra 13. juni 2014: Fortrydelsesret for aftaler indg\u00e5et uden for fast forretningssted og for fjernsalgsaftaler med undtagelse af aftaler om finansielle tjenesteydelser (i overensstemmelse med lov om gennemf\u00f8relse af forbrugerrettighedsdirektivet og \u00e6ndring af lov om regulering af boligformidling, BGBI.I.2013, s. 3642,3663) Oplysningspligt i henhold til &#8230;<\/p>\n","protected":false},"author":1,"featured_media":0,"parent":0,"menu_order":0,"comment_status":"closed","ping_status":"closed","template":"elementor_header_footer","meta":{"footnotes":""},"class_list":["post-20897","page","type-page","status-publish","hentry"],"_links":{"self":[{"href":"https:\/\/www.rasmussenimmobilien.de\/da\/wp-json\/wp\/v2\/pages\/20897","targetHints":{"allow":["GET"]}}],"collection":[{"href":"https:\/\/www.rasmussenimmobilien.de\/da\/wp-json\/wp\/v2\/pages"}],"about":[{"href":"https:\/\/www.rasmussenimmobilien.de\/da\/wp-json\/wp\/v2\/types\/page"}],"author":[{"embeddable":true,"href":"https:\/\/www.rasmussenimmobilien.de\/da\/wp-json\/wp\/v2\/users\/1"}],"replies":[{"embeddable":true,"href":"https:\/\/www.rasmussenimmobilien.de\/da\/wp-json\/wp\/v2\/comments?post=20897"}],"version-history":[{"count":1,"href":"https:\/\/www.rasmussenimmobilien.de\/da\/wp-json\/wp\/v2\/pages\/20897\/revisions"}],"predecessor-version":[{"id":20898,"href":"https:\/\/www.rasmussenimmobilien.de\/da\/wp-json\/wp\/v2\/pages\/20897\/revisions\/20898"}],"wp:attachment":[{"href":"https:\/\/www.rasmussenimmobilien.de\/da\/wp-json\/wp\/v2\/media?parent=20897"}],"curies":[{"name":"wp","href":"https:\/\/api.w.org\/{rel}","templated":true}]}}