{"id":21082,"date":"2026-05-07T13:43:42","date_gmt":"2026-05-07T11:43:42","guid":{"rendered":"https:\/\/www.rasmussenimmobilien.de\/referencer\/"},"modified":"2026-05-07T13:46:44","modified_gmt":"2026-05-07T11:46:44","slug":"referencer","status":"publish","type":"page","link":"https:\/\/www.rasmussenimmobilien.de\/da\/referencer\/","title":{"rendered":"Referencer"},"content":{"rendered":"\t\t<div data-elementor-type=\"wp-page\" data-elementor-id=\"21082\" class=\"elementor elementor-21082 elementor-21078\" data-elementor-post-type=\"page\">\n\t\t\t\t<div class=\"elementor-element elementor-element-4cbbd9d2 section-m elementor-hidden-mobile elementor-hidden-tablet e-flex e-con-boxed e-con e-parent\" data-id=\"4cbbd9d2\" data-element_type=\"container\" data-settings=\"{&quot;background_background&quot;:&quot;classic&quot;}\">\n\t\t\t\t\t<div class=\"e-con-inner\">\n\t\t<div class=\"elementor-element elementor-element-c5f2b8a e-grid animated-fast e-con-boxed elementor-invisible e-con e-child\" data-id=\"c5f2b8a\" data-element_type=\"container\" data-settings=\"{&quot;animation&quot;:&quot;fadeIn&quot;,&quot;animation_delay&quot;:500}\">\n\t\t\t\t\t<div class=\"e-con-inner\">\n\t\t<div class=\"elementor-element elementor-element-2785320a e-con-full animated-fast e-flex elementor-invisible e-con e-child\" data-id=\"2785320a\" data-element_type=\"container\" data-settings=\"{&quot;background_background&quot;:&quot;classic&quot;,&quot;animation&quot;:&quot;fadeIn&quot;}\">\n\t\t\t\t<div class=\"elementor-element elementor-element-251b3361 elementor-invisible elementor-widget elementor-widget-heading\" data-id=\"251b3361\" data-element_type=\"widget\" data-settings=\"{&quot;_animation&quot;:&quot;fadeInDown&quot;}\" data-widget_type=\"heading.default\">\n\t\t\t\t<div class=\"elementor-widget-container\">\n\t\t\t\t\t<h1 class=\"elementor-heading-title elementor-size-default\">Referencer i  Berlin<\/h1>\t\t\t\t<\/div>\n\t\t\t\t<\/div>\n\t\t\t\t<div class=\"elementor-element elementor-element-66510f14 elementor-invisible elementor-widget elementor-widget-heading\" data-id=\"66510f14\" data-element_type=\"widget\" data-settings=\"{&quot;_animation&quot;:&quot;fadeInDown&quot;}\" data-widget_type=\"heading.default\">\n\t\t\t\t<div class=\"elementor-widget-container\">\n\t\t\t\t\t<h2 class=\"elementor-heading-title elementor-size-default\">Referencer<\/h2>\t\t\t\t<\/div>\n\t\t\t\t<\/div>\n\t\t\t\t<div class=\"elementor-element elementor-element-6f08ef2b elementor-widget elementor-widget-text-editor\" data-id=\"6f08ef2b\" data-element_type=\"widget\" data-widget_type=\"text-editor.default\">\n\t\t\t\t<div class=\"elementor-widget-container\">\n\t\t\t\t\t\t\t\t\t<p>Oplev vores allerede formidlede ejendomsfortegnelser i Berlin.<\/p>\t\t\t\t\t\t\t\t<\/div>\n\t\t\t\t<\/div>\n\t\t\t\t<\/div>\n\t\t\t\t<div class=\"elementor-element elementor-element-47c4afc elementor-icon-list--layout-inline elementor-list-item-link-inline elementor-align-right elementor-mobile-align-left elementor-tablet-align-left animated-fast elementor-hidden-tablet elementor-hidden-mobile elementor-invisible elementor-widget elementor-widget-icon-list\" data-id=\"47c4afc\" data-element_type=\"widget\" data-settings=\"{&quot;_animation&quot;:&quot;fadeIn&quot;,&quot;_animation_delay&quot;:600}\" data-widget_type=\"icon-list.default\">\n\t\t\t\t<div class=\"elementor-widget-container\">\n\t\t\t\t\t\t\t<ul class=\"elementor-icon-list-items elementor-inline-items\">\n\t\t\t\t\t\t\t<li class=\"elementor-icon-list-item elementor-inline-item\">\n\t\t\t\t\t\t\t\t\t\t\t<a href=\"\/\">\n\n\t\t\t\t\t\t\t\t\t\t\t<span class=\"elementor-icon-list-text\">Hjem<\/span>\n\t\t\t\t\t\t\t\t\t\t\t<\/a>\n\t\t\t\t\t\t\t\t\t<\/li>\n\t\t\t\t\t\t\t\t<li class=\"elementor-icon-list-item elementor-inline-item\">\n\t\t\t\t\t\t\t\t\t\t\t<a href=\"https:\/\/www.rasmussenimmobilien.de\/da\/referencer\/\">\n\n\t\t\t\t\t\t\t\t\t\t\t\t<span class=\"elementor-icon-list-icon\">\n\t\t\t\t\t\t\t<svg aria-hidden=\"true\" class=\"e-font-icon-svg e-fas-angle-right\" viewBox=\"0 0 256 512\" xmlns=\"http:\/\/www.w3.org\/2000\/svg\"><path d=\"M224.3 273l-136 136c-9.4 9.4-24.6 9.4-33.9 0l-22.6-22.6c-9.4-9.4-9.4-24.6 0-33.9l96.4-96.4-96.4-96.4c-9.4-9.4-9.4-24.6 0-33.9L54.3 103c9.4-9.4 24.6-9.4 33.9 0l136 136c9.5 9.4 9.5 24.6.1 34z\"><\/path><\/svg>\t\t\t\t\t\t<\/span>\n\t\t\t\t\t\t\t\t\t\t<span class=\"elementor-icon-list-text\"><\/span>\n\t\t\t\t\t\t\t\t\t\t\t<\/a>\n\t\t\t\t\t\t\t\t\t<\/li>\n\t\t\t\t\t\t<\/ul>\n\t\t\t\t\t\t<\/div>\n\t\t\t\t<\/div>\n\t\t\t\t\t<\/div>\n\t\t\t\t<\/div>\n\t\t\t\t\t<\/div>\n\t\t\t\t<\/div>\n\t\t<div class=\"elementor-element elementor-element-58fec8b2 section-m elementor-hidden-desktop e-flex e-con-boxed e-con e-parent\" data-id=\"58fec8b2\" data-element_type=\"container\">\n\t\t\t\t\t<div class=\"e-con-inner\">\n\t\t<div class=\"elementor-element elementor-element-35341e04 e-flex e-con-boxed e-con e-child\" data-id=\"35341e04\" data-element_type=\"container\">\n\t\t\t\t\t<div class=\"e-con-inner\">\n\t\t<div class=\"elementor-element elementor-element-2fb20030 e-con-full e-flex e-con e-child\" data-id=\"2fb20030\" data-element_type=\"container\">\n\t\t\t\t<div class=\"elementor-element elementor-element-2ced7f8b elementor-widget elementor-widget-heading\" data-id=\"2ced7f8b\" data-element_type=\"widget\" data-widget_type=\"heading.default\">\n\t\t\t\t<div class=\"elementor-widget-container\">\n\t\t\t\t\t<p class=\"elementor-heading-title elementor-size-default\">Referencer i  Berlin<\/p>\t\t\t\t<\/div>\n\t\t\t\t<\/div>\n\t\t\t\t<div class=\"elementor-element elementor-element-27a64e99 elementor-widget elementor-widget-heading\" data-id=\"27a64e99\" data-element_type=\"widget\" data-widget_type=\"heading.default\">\n\t\t\t\t<div class=\"elementor-widget-container\">\n\t\t\t\t\t<h2 class=\"elementor-heading-title elementor-size-default\">Referencer<\/h2>\t\t\t\t<\/div>\n\t\t\t\t<\/div>\n\t\t\t\t<div class=\"elementor-element elementor-element-79cc2acc elementor-widget elementor-widget-text-editor\" data-id=\"79cc2acc\" data-element_type=\"widget\" data-widget_type=\"text-editor.default\">\n\t\t\t\t<div class=\"elementor-widget-container\">\n\t\t\t\t\t\t\t\t\t<p class=\"p1\">Oplev vores allerede formidlede ejendomsfortegnelser i Berlin.<\/p>\t\t\t\t\t\t\t\t<\/div>\n\t\t\t\t<\/div>\n\t\t\t\t<div class=\"elementor-element elementor-element-4f487608 elementor-widget elementor-widget-button\" data-id=\"4f487608\" data-element_type=\"widget\" data-widget_type=\"button.default\">\n\t\t\t\t<div class=\"elementor-widget-container\">\n\t\t\t\t\t\t\t\t\t<div class=\"elementor-button-wrapper\">\n\t\t\t\t\t<a class=\"elementor-button elementor-button-link elementor-size-sm\" href=\"#\">\n\t\t\t\t\t\t<span class=\"elementor-button-content-wrapper\">\n\t\t\t\t\t\t<span class=\"elementor-button-icon\">\n\t\t\t\t<svg aria-hidden=\"true\" class=\"e-font-icon-svg e-far-calendar-alt\" viewBox=\"0 0 448 512\" xmlns=\"http:\/\/www.w3.org\/2000\/svg\"><path d=\"M148 288h-40c-6.6 0-12-5.4-12-12v-40c0-6.6 5.4-12 12-12h40c6.6 0 12 5.4 12 12v40c0 6.6-5.4 12-12 12zm108-12v-40c0-6.6-5.4-12-12-12h-40c-6.6 0-12 5.4-12 12v40c0 6.6 5.4 12 12 12h40c6.6 0 12-5.4 12-12zm96 0v-40c0-6.6-5.4-12-12-12h-40c-6.6 0-12 5.4-12 12v40c0 6.6 5.4 12 12 12h40c6.6 0 12-5.4 12-12zm-96 96v-40c0-6.6-5.4-12-12-12h-40c-6.6 0-12 5.4-12 12v40c0 6.6 5.4 12 12 12h40c6.6 0 12-5.4 12-12zm-96 0v-40c0-6.6-5.4-12-12-12h-40c-6.6 0-12 5.4-12 12v40c0 6.6 5.4 12 12 12h40c6.6 0 12-5.4 12-12zm192 0v-40c0-6.6-5.4-12-12-12h-40c-6.6 0-12 5.4-12 12v40c0 6.6 5.4 12 12 12h40c6.6 0 12-5.4 12-12zm96-260v352c0 26.5-21.5 48-48 48H48c-26.5 0-48-21.5-48-48V112c0-26.5 21.5-48 48-48h48V12c0-6.6 5.4-12 12-12h40c6.6 0 12 5.4 12 12v52h128V12c0-6.6 5.4-12 12-12h40c6.6 0 12 5.4 12 12v52h48c26.5 0 48 21.5 48 48zm-48 346V160H48v298c0 3.3 2.7 6 6 6h340c3.3 0 6-2.7 6-6z\"><\/path><\/svg>\t\t\t<\/span>\n\t\t\t\t\t\t\t\t\t<span class=\"elementor-button-text\">Book en konsultation<\/span>\n\t\t\t\t\t<\/span>\n\t\t\t\t\t<\/a>\n\t\t\t\t<\/div>\n\t\t\t\t\t\t\t\t<\/div>\n\t\t\t\t<\/div>\n\t\t<div class=\"elementor-element elementor-element-49feffca e-con-full e-flex e-con e-child\" data-id=\"49feffca\" data-element_type=\"container\">\n\t\t\t\t<div class=\"elementor-element elementor-element-42fbec25 elementor-widget elementor-widget-image\" data-id=\"42fbec25\" data-element_type=\"widget\" data-widget_type=\"image.default\">\n\t\t\t\t<div class=\"elementor-widget-container\">\n\t\t\t\t\t\t\t\t\t\t\t\t\t\t\t<img fetchpriority=\"high\" decoding=\"async\" width=\"1024\" height=\"394\" src=\"https:\/\/www.rasmussenimmobilien.de\/wp-content\/uploads\/2025\/08\/Zufriedene-Eigentumer-1024x394.webp\" class=\"attachment-large size-large wp-image-19600\" alt=\"\" srcset=\"https:\/\/www.rasmussenimmobilien.de\/wp-content\/uploads\/2025\/08\/Zufriedene-Eigentumer-1024x394.webp 1024w, https:\/\/www.rasmussenimmobilien.de\/wp-content\/uploads\/2025\/08\/Zufriedene-Eigentumer-300x115.webp 300w, https:\/\/www.rasmussenimmobilien.de\/wp-content\/uploads\/2025\/08\/Zufriedene-Eigentumer-768x295.webp 768w, https:\/\/www.rasmussenimmobilien.de\/wp-content\/uploads\/2025\/08\/Zufriedene-Eigentumer.webp 1040w\" sizes=\"(max-width: 1024px) 100vw, 1024px\" \/>\t\t\t\t\t\t\t\t\t\t\t\t\t\t\t<\/div>\n\t\t\t\t<\/div>\n\t\t\t\t<div class=\"elementor-element elementor-element-19b4f429 elementor-widget elementor-widget-counter\" data-id=\"19b4f429\" data-element_type=\"widget\" data-widget_type=\"counter.default\">\n\t\t\t\t<div class=\"elementor-widget-container\">\n\t\t\t\t\t\t\t<div class=\"elementor-counter\">\n\t\t\t\t\t\t<div class=\"elementor-counter-number-wrapper\">\n\t\t\t\t<span class=\"elementor-counter-number-prefix\"><\/span>\n\t\t\t\t<span class=\"elementor-counter-number\" data-duration=\"2000\" data-to-value=\"150\" data-from-value=\"0\" data-delimiter=\",\">0<\/span>\n\t\t\t\t<span class=\"elementor-counter-number-suffix\">+<\/span>\n\t\t\t<\/div>\n\t\t<\/div>\n\t\t\t\t\t\t<\/div>\n\t\t\t\t<\/div>\n\t\t\t\t<div class=\"elementor-element elementor-element-f705b47 elementor-widget elementor-widget-text-editor\" data-id=\"f705b47\" data-element_type=\"widget\" data-widget_type=\"text-editor.default\">\n\t\t\t\t<div class=\"elementor-widget-container\">\n\t\t\t\t\t\t\t\t\t<p>Betjente ejere<\/p>\t\t\t\t\t\t\t\t<\/div>\n\t\t\t\t<\/div>\n\t\t\t\t<\/div>\n\t\t\t\t<\/div>\n\t\t\t\t\t<\/div>\n\t\t\t\t<\/div>\n\t\t\t\t\t<\/div>\n\t\t\t\t<\/div>\n\t\t<div class=\"elementor-element elementor-element-e677cf3 section-m e-flex e-con-boxed e-con e-parent\" data-id=\"e677cf3\" data-element_type=\"container\" data-settings=\"{&quot;background_background&quot;:&quot;classic&quot;}\">\n\t\t\t\t\t<div class=\"e-con-inner\">\n\t\t\t\t<div class=\"elementor-element elementor-element-7e8163e5 elementor-widget elementor-widget-WpResidence_Items_List\" data-id=\"7e8163e5\" data-element_type=\"widget\" data-widget_type=\"WpResidence_Items_List.default\">\n\t\t\t\t<div class=\"elementor-widget-container\">\n\t\t\t\t\t<div id=\"wpestate_sh_anime_399\" class=\"wpresidence_shortcode_listings_wrapper wpestate_anime wpestate_latest_listings_sh bottom-estate_property \" data-type=\"estate_property\" data-category_ids=\"\" data-action_ids=\"\" data-city_ids=\"\" data-area_ids=\"\" data-state_ids=\"\" data-status_ids=\"51, 110\" data-features_ids=\"\" data-number=\"9\" data-row-number=\"3\" data-card-version=\"\" data-align=\"vertical\" data-show_featured_only=\"no\" data-random_pick=\"no\" data-featured_first=\"no\" data-sort-by=\"0\" data-display-grid=\"\" data-agent-id=\"\" data-page=\"1\"><div class=\"items_shortcode_wrapper row\">\n<!-- Main property unit wrapper -->\n<!-- The classes and data attributes here are used for filtering and layout purposes -->\n<div class=\"col-lg-4 col-12 col-sm-6 col-md-6   listing_wrapper  property_unit_type2\"\n    data-org=\"4\"\n    data-main-modal=\"https:\/\/www.rasmussenimmobilien.de\/wp-content\/uploads\/2025\/09\/f3f97555-6bb6-4f67-b7d1-18358fb01cd3-1934999713-640x467.webp\"\n    data-modal-title=\"SMUK 2 V\u00c6RELSE. NYBYGGET LEJLIGHED I GLEISDREIECK-PARK I 2 \u00c5R !!!\"\n    data-modal-link=\"https:\/\/www.rasmussenimmobilien.de\/da\/immobilie\/smuk-2-vaerelse-nybygget-lejlighed-i-gleisdreieck-park-i-2-aar\/\"\n    data-listid=\"20804\">\n\n    <!-- Property listing inner wrapper -->\n    <!-- This div contains all the property information and media -->\n    <div class=\"property_listing property_unit_type2 \"\n         data-link=\"https:\/\/www.rasmussenimmobilien.de\/da\/immobilie\/smuk-2-vaerelse-nybygget-lejlighed-i-gleisdreieck-park-i-2-aar\/\">\n\n                    <!-- Property image wrapper -->\n            <div class=\"listing-unit-img-wrapper\">\n                <div class=\"property_media\">\n        <i class=\"fas fa-camera\"><\/i> 0<\/div>                <!-- Gradient overlay for featured properties -->\n                <div class=\"featured_gradient\"><\/div>\n                <a href=\"https:\/\/www.rasmussenimmobilien.de\/da\/immobilie\/smuk-2-vaerelse-nybygget-lejlighed-i-gleisdreieck-park-i-2-aar\/\" target=\"_self\"><img decoding=\"async\" src=\"https:\/\/www.rasmussenimmobilien.de\/wp-content\/uploads\/2025\/09\/f3f97555-6bb6-4f67-b7d1-18358fb01cd3-1934999713-525x328.webp\" data-original=\"https:\/\/www.rasmussenimmobilien.de\/wp-content\/uploads\/2025\/09\/f3f97555-6bb6-4f67-b7d1-18358fb01cd3-1934999713-525x328.webp\" class=\"lazyload img-responsive\" \/><\/a><div class=\"tag-wrapper\">\n    <div class=\"status-wrapper\">\n    <div class=\"ribbon-inside Referencer\">Referencer<\/div><\/div>\n<\/div><span class=\"icon-fav icon-fav-off\" data-bs-placement=\"left\" data-bs-toggle=\"tooltip\" title=\"add to favorites\" data-postid=\"20804\"><svg viewBox=\"0 0 32 32\" xmlns=\"http:\/\/www.w3.org\/2000\/svg\" aria-hidden=\"true\" role=\"presentation\" focusable=\"false\" \nstyle=\"display: block;  height: 24px; width: 24px; stroke: #fff; stroke-width: 2; overflow: visible;\">\n<path d=\"m16 28c7-4.733 14-10 14-17 0-1.792-.683-3.583-2.05-4.95-1.367-1.366-3.158-2.05-4.95-2.05-1.791 0-3.583.684-4.949 2.05l-2.051 2.051-2.05-2.051c-1.367-1.366-3.158-2.05-4.95-2.05-1.791 0-3.583.684-4.949 2.05-1.367 1.367-2.051 3.158-2.051 4.95 0 7 7 12.267 14 17z\"><\/path>\n<\/svg><\/span>            <\/div>\n\n            <!-- Property information wrapper -->\n            <div class=\"property-unit-information-wrapper\">\n            <h4>\n  <a href=\"https:\/\/www.rasmussenimmobilien.de\/da\/immobilie\/smuk-2-vaerelse-nybygget-lejlighed-i-gleisdreieck-park-i-2-aar\/\" >SMUK 2 V\u00c6RELSE. NYBYGGET LEJLIGHED I GLEISDR...<\/a>\n<\/h4><div class=\"listing_unit_price_wrapper\">\n    1.900 \u20ac <span class=\"price_label\">Varm leje<\/span><\/div><div class=\"listing_details the_grid_view\" style=\"display:block\">\n    -LEJE I 2 \u00c5R DEREFTER TIL EGET BRUG !!! Besigtigelse vil kun finde sted den 02.09.2025 kl. <a href=\"https:\/\/www.rasmussenimmobilien.de\/da\/immobilie\/smuk-2-vaerelse-nybygget-lejlighed-i-gleisdreieck-park-i-2-aar\/\" class=\"unit_more_x\"> ...<\/a><\/div>\n\n<div class=\"listing_details the_list_view\" style=\"display:none\">\n    -LEJE I 2 \u00c5R DEREFTER TIL EGET BRUG !!! Besigtigelse vil kun finde sted den 02.09.2025 kl. 18:00 !!!!!!!!!! -2 rummelige v\u00e6relser, i alt ca. 70 m2 -stor, delvis <a href=\"https:\/\/www.rasmussenimmobilien.de\/da\/immobilie\/smuk-2-vaerelse-nybygget-lejlighed-i-gleisdreieck-park-i-2-aar\/\" class=\"unit_more_x\"> ...<\/a><\/div><div class=\"property_listing_details\">\n     <span class=\"inforoom_unit_type2\">1<\/span><span class=\"infobath_unit_type2\">1<\/span> <span class=\"infosize_unit_type2\"><span>70 m<sup>2<\/sup><\/span><\/span>          \n<\/div>            <\/div>\n            <\/div>\n<\/div>\n<!-- Main property unit wrapper -->\n<!-- The classes and data attributes here are used for filtering and layout purposes -->\n<div class=\"col-lg-4 col-12 col-sm-6 col-md-6   listing_wrapper  property_unit_type2\"\n    data-org=\"4\"\n    data-main-modal=\"https:\/\/www.rasmussenimmobilien.de\/wp-content\/uploads\/2025\/09\/bc36ee70-a0ab-469e-8a8a-c80e4413b2b9-1935000204-835x467.webp\"\n    data-modal-title=\"IKKE LANGT FRA TEMPELHOFER FELD &#8211; FANTASTISK 2,5-V\u00c6RELSES LEJLIGHED MED BALKON\"\n    data-modal-link=\"https:\/\/www.rasmussenimmobilien.de\/da\/immobilie\/ikke-langt-fra-tempelhofer-feld-fantastisk-25-vaerelses-lejlighed-med-balkon\/\"\n    data-listid=\"20767\">\n\n    <!-- Property listing inner wrapper -->\n    <!-- This div contains all the property information and media -->\n    <div class=\"property_listing property_unit_type2 \"\n         data-link=\"https:\/\/www.rasmussenimmobilien.de\/da\/immobilie\/ikke-langt-fra-tempelhofer-feld-fantastisk-25-vaerelses-lejlighed-med-balkon\/\">\n\n                    <!-- Property image wrapper -->\n            <div class=\"listing-unit-img-wrapper\">\n                <div class=\"property_media\">\n        <i class=\"fas fa-camera\"><\/i> 0<\/div>                <!-- Gradient overlay for featured properties -->\n                <div class=\"featured_gradient\"><\/div>\n                <a href=\"https:\/\/www.rasmussenimmobilien.de\/da\/immobilie\/ikke-langt-fra-tempelhofer-feld-fantastisk-25-vaerelses-lejlighed-med-balkon\/\" target=\"_self\"><img decoding=\"async\" src=\"https:\/\/www.rasmussenimmobilien.de\/wp-content\/uploads\/2025\/09\/bc36ee70-a0ab-469e-8a8a-c80e4413b2b9-1935000204-525x328.webp\" data-original=\"https:\/\/www.rasmussenimmobilien.de\/wp-content\/uploads\/2025\/09\/bc36ee70-a0ab-469e-8a8a-c80e4413b2b9-1935000204-525x328.webp\" class=\"lazyload img-responsive\" \/><\/a><div class=\"tag-wrapper\">\n    <div class=\"status-wrapper\">\n    <div class=\"action_tag_wrapper K\u00f8b\">K\u00f8b<\/div><div class=\"ribbon-inside Solgt\">Solgt<\/div><\/div>\n<\/div><span class=\"icon-fav icon-fav-off\" data-bs-placement=\"left\" data-bs-toggle=\"tooltip\" title=\"add to favorites\" data-postid=\"20767\"><svg viewBox=\"0 0 32 32\" xmlns=\"http:\/\/www.w3.org\/2000\/svg\" aria-hidden=\"true\" role=\"presentation\" focusable=\"false\" \nstyle=\"display: block;  height: 24px; width: 24px; stroke: #fff; stroke-width: 2; overflow: visible;\">\n<path d=\"m16 28c7-4.733 14-10 14-17 0-1.792-.683-3.583-2.05-4.95-1.367-1.366-3.158-2.05-4.95-2.05-1.791 0-3.583.684-4.949 2.05l-2.051 2.051-2.05-2.051c-1.367-1.366-3.158-2.05-4.95-2.05-1.791 0-3.583.684-4.949 2.05-1.367 1.367-2.051 3.158-2.051 4.95 0 7 7 12.267 14 17z\"><\/path>\n<\/svg><\/span>            <\/div>\n\n            <!-- Property information wrapper -->\n            <div class=\"property-unit-information-wrapper\">\n            <h4>\n  <a href=\"https:\/\/www.rasmussenimmobilien.de\/da\/immobilie\/ikke-langt-fra-tempelhofer-feld-fantastisk-25-vaerelses-lejlighed-med-balkon\/\" >IKKE LANGT FRA TEMPELHOFER FELD &#8211; FANT...<\/a>\n<\/h4><div class=\"listing_unit_price_wrapper\">\n    289.000 \u20ac <span class=\"price_label\"><\/span><\/div><div class=\"listing_details the_grid_view\" style=\"display:block\">\n    -Stor lys lejlighed med 2-3 v\u00e6relser og en stor balkon. -Lejligheden ligger i et velholdt  <a href=\"https:\/\/www.rasmussenimmobilien.de\/da\/immobilie\/ikke-langt-fra-tempelhofer-feld-fantastisk-25-vaerelses-lejlighed-med-balkon\/\" class=\"unit_more_x\"> ...<\/a><\/div>\n\n<div class=\"listing_details the_list_view\" style=\"display:none\">\n    -Stor lys lejlighed med 2-3 v\u00e6relser og en stor balkon. -Lejligheden ligger i et velholdt boligkompleks fra 1937 med et meget rummeligt gr\u00f8nt indre haveomr\u00e5de p <a href=\"https:\/\/www.rasmussenimmobilien.de\/da\/immobilie\/ikke-langt-fra-tempelhofer-feld-fantastisk-25-vaerelses-lejlighed-med-balkon\/\" class=\"unit_more_x\"> ...<\/a><\/div><div class=\"property_listing_details\">\n     <span class=\"inforoom_unit_type2\">1.5<\/span><span class=\"infobath_unit_type2\">1<\/span> <span class=\"infosize_unit_type2\"><span>57 m<sup>2<\/sup><\/span><\/span>          \n<\/div>            <\/div>\n            <\/div>\n<\/div>\n<!-- Main property unit wrapper -->\n<!-- The classes and data attributes here are used for filtering and layout purposes -->\n<div class=\"col-lg-4 col-12 col-sm-6 col-md-6   listing_wrapper  property_unit_type2\"\n    data-org=\"4\"\n    data-main-modal=\"https:\/\/www.rasmussenimmobilien.de\/wp-content\/uploads\/2025\/09\/87c10f9d-f1cb-412a-b01b-d6b2e176c62c-1934998467-835x467.webp\"\n    data-modal-title=\"LYS \u00d8VERSTE ETAGE &#8211; SOLRIG GR. 2 V\u00c6RELSER. LEJLIGHED MED 2 TERRASSER + ELEVATOR &#8211; SOLVARME + PERSIENNER\"\n    data-modal-link=\"https:\/\/www.rasmussenimmobilien.de\/da\/immobilie\/lys-oeverste-etage-solrig-gr-2-vaerelser-lejlighed-med-2-terrasser-elevator-solvarme-persienner\/\"\n    data-listid=\"20723\">\n\n    <!-- Property listing inner wrapper -->\n    <!-- This div contains all the property information and media -->\n    <div class=\"property_listing property_unit_type2 \"\n         data-link=\"https:\/\/www.rasmussenimmobilien.de\/da\/immobilie\/lys-oeverste-etage-solrig-gr-2-vaerelser-lejlighed-med-2-terrasser-elevator-solvarme-persienner\/\">\n\n                    <!-- Property image wrapper -->\n            <div class=\"listing-unit-img-wrapper\">\n                <div class=\"property_media\">\n        <i class=\"fas fa-camera\"><\/i> 0<\/div>                <!-- Gradient overlay for featured properties -->\n                <div class=\"featured_gradient\"><\/div>\n                <a href=\"https:\/\/www.rasmussenimmobilien.de\/da\/immobilie\/lys-oeverste-etage-solrig-gr-2-vaerelser-lejlighed-med-2-terrasser-elevator-solvarme-persienner\/\" target=\"_self\"><img decoding=\"async\" src=\"https:\/\/www.rasmussenimmobilien.de\/wp-content\/uploads\/2025\/09\/87c10f9d-f1cb-412a-b01b-d6b2e176c62c-1934998467-525x328.webp\" data-original=\"https:\/\/www.rasmussenimmobilien.de\/wp-content\/uploads\/2025\/09\/87c10f9d-f1cb-412a-b01b-d6b2e176c62c-1934998467-525x328.webp\" class=\"lazyload img-responsive\" \/><\/a><div class=\"tag-wrapper\">\n    <div class=\"status-wrapper\">\n    <div class=\"action_tag_wrapper K\u00f8b\">K\u00f8b<\/div><div class=\"ribbon-inside Solgt\">Solgt<\/div><\/div>\n<\/div><span class=\"icon-fav icon-fav-off\" data-bs-placement=\"left\" data-bs-toggle=\"tooltip\" title=\"add to favorites\" data-postid=\"20723\"><svg viewBox=\"0 0 32 32\" xmlns=\"http:\/\/www.w3.org\/2000\/svg\" aria-hidden=\"true\" role=\"presentation\" focusable=\"false\" \nstyle=\"display: block;  height: 24px; width: 24px; stroke: #fff; stroke-width: 2; overflow: visible;\">\n<path d=\"m16 28c7-4.733 14-10 14-17 0-1.792-.683-3.583-2.05-4.95-1.367-1.366-3.158-2.05-4.95-2.05-1.791 0-3.583.684-4.949 2.05l-2.051 2.051-2.05-2.051c-1.367-1.366-3.158-2.05-4.95-2.05-1.791 0-3.583.684-4.949 2.05-1.367 1.367-2.051 3.158-2.051 4.95 0 7 7 12.267 14 17z\"><\/path>\n<\/svg><\/span>            <\/div>\n\n            <!-- Property information wrapper -->\n            <div class=\"property-unit-information-wrapper\">\n            <h4>\n  <a href=\"https:\/\/www.rasmussenimmobilien.de\/da\/immobilie\/lys-oeverste-etage-solrig-gr-2-vaerelser-lejlighed-med-2-terrasser-elevator-solvarme-persienner\/\" >LYS \u00d8VERSTE ETAGE &#8211; SOLRIG GR. 2 V\u00c6REL...<\/a>\n<\/h4><div class=\"listing_unit_price_wrapper\">\n    589.000 \u20ac <span class=\"price_label\"><\/span><\/div><div class=\"listing_details the_grid_view\" style=\"display:block\">\n    Fantastisk lejlighed p\u00e5 \u00f8verste etage\/penthouse med masser af lys, stil og komfort - perfe <a href=\"https:\/\/www.rasmussenimmobilien.de\/da\/immobilie\/lys-oeverste-etage-solrig-gr-2-vaerelser-lejlighed-med-2-terrasser-elevator-solvarme-persienner\/\" class=\"unit_more_x\"> ...<\/a><\/div>\n\n<div class=\"listing_details the_list_view\" style=\"display:none\">\n    Fantastisk lejlighed p\u00e5 \u00f8verste etage\/penthouse med masser af lys, stil og komfort - perfekt til kendere! Velkommen til denne meget lyse og ekstremt hyggelige,  <a href=\"https:\/\/www.rasmussenimmobilien.de\/da\/immobilie\/lys-oeverste-etage-solrig-gr-2-vaerelser-lejlighed-med-2-terrasser-elevator-solvarme-persienner\/\" class=\"unit_more_x\"> ...<\/a><\/div><div class=\"property_listing_details\">\n     <span class=\"inforoom_unit_type2\">1<\/span><span class=\"infobath_unit_type2\">1<\/span> <span class=\"infosize_unit_type2\"><span>89 m<sup>2<\/sup><\/span><\/span>          \n<\/div>            <\/div>\n            <\/div>\n<\/div><\/div><div class=\"wpestate_listing_sh_loader\"><div class=\"new_prelader\"><\/div><\/div><div class=\"listinglink-wrapper_sh_listings exclude-rtl\"><span class=\"wpresidence_button wpestate_item_list_sh\">Indl\u00e6s flere lister<\/span><\/div><\/div>\t\t\t\t<\/div>\n\t\t\t\t<\/div>\n\t\t\t\t\t<\/div>\n\t\t\t\t<\/div>\n\t\t\t\t<\/div>\n\t\t","protected":false},"excerpt":{"rendered":"<p>Referencer i Referencer Oplev vores allerede formidlede ejendomsfortegnelser i . Hjem Referencer i Referencer Oplev vores allerede formidlede ejendomsfortegnelser i . Book en konsultation 0 + Betjente ejere 7 Kaufenverkauft UNWEIT TEMPELHOFER FELD &#8211; TOLLE 2,5 ZI&#8230; 289.000 \u20ac -Tolle helle Wohnung mit 2-3 Zimmer und einem gr. Balkon. -Die Wohnung befindet sich in ei &#8230; -Tolle helle Wohnung mit 2-3 Zimmer und einem &#8230;<\/p>\n","protected":false},"author":1,"featured_media":0,"parent":0,"menu_order":0,"comment_status":"closed","ping_status":"closed","template":"elementor_header_footer","meta":{"footnotes":""},"class_list":["post-21082","page","type-page","status-publish","hentry"],"_links":{"self":[{"href":"https:\/\/www.rasmussenimmobilien.de\/da\/wp-json\/wp\/v2\/pages\/21082","targetHints":{"allow":["GET"]}}],"collection":[{"href":"https:\/\/www.rasmussenimmobilien.de\/da\/wp-json\/wp\/v2\/pages"}],"about":[{"href":"https:\/\/www.rasmussenimmobilien.de\/da\/wp-json\/wp\/v2\/types\/page"}],"author":[{"embeddable":true,"href":"https:\/\/www.rasmussenimmobilien.de\/da\/wp-json\/wp\/v2\/users\/1"}],"replies":[{"embeddable":true,"href":"https:\/\/www.rasmussenimmobilien.de\/da\/wp-json\/wp\/v2\/comments?post=21082"}],"version-history":[{"count":1,"href":"https:\/\/www.rasmussenimmobilien.de\/da\/wp-json\/wp\/v2\/pages\/21082\/revisions"}],"predecessor-version":[{"id":21083,"href":"https:\/\/www.rasmussenimmobilien.de\/da\/wp-json\/wp\/v2\/pages\/21082\/revisions\/21083"}],"wp:attachment":[{"href":"https:\/\/www.rasmussenimmobilien.de\/da\/wp-json\/wp\/v2\/media?parent=21082"}],"curies":[{"name":"wp","href":"https:\/\/api.w.org\/{rel}","templated":true}]}}